{"id":747,"date":"2025-02-04T00:06:57","date_gmt":"2025-02-04T05:06:57","guid":{"rendered":"https:\/\/greenlab.webconnecting.co\/?page_id=747"},"modified":"2025-02-04T00:13:32","modified_gmt":"2025-02-04T05:13:32","slug":"unique-genetics-crops","status":"publish","type":"page","link":"https:\/\/greenlab-biotechnology.com\/fr\/unique-genetics-crops\/","title":{"rendered":"Des cultures d\u2019exception\n \u00e0 la g\u00e9n\u00e9tique unique"},"content":{"rendered":"<div data-elementor-type=\"wp-page\" data-elementor-id=\"747\" class=\"elementor elementor-747\" data-elementor-post-type=\"page\">\n\t\t\t\t<div class=\"elementor-element elementor-element-62ab72d e-flex e-con-boxed e-con e-parent\" data-id=\"62ab72d\" data-element_type=\"container\" data-settings=\"{&quot;background_background&quot;:&quot;classic&quot;,&quot;shape_divider_bottom&quot;:&quot;waves&quot;}\">\n\t\t\t\t\t<div class=\"e-con-inner\">\n\t\t\t\t<div class=\"elementor-shape elementor-shape-bottom\" aria-hidden=\"true\" data-negative=\"false\">\n\t\t\t<svg xmlns=\"http:\/\/www.w3.org\/2000\/svg\" viewbox=\"0 0 1000 100\" preserveaspectratio=\"none\">\n\t<path class=\"elementor-shape-fill\" d=\"M421.9,6.5c22.6-2.5,51.5,0.4,75.5,5.3c23.6,4.9,70.9,23.5,100.5,35.7c75.8,32.2,133.7,44.5,192.6,49.7\tc23.6,2.1,48.7,3.5,103.4-2.5c54.7-6,106.2-25.6,106.2-25.6V0H0v30.3c0,0,72,32.6,158.4,30.5c39.2-0.7,92.8-6.7,134-22.4\tc21.2-8.1,52.2-18.2,79.7-24.2C399.3,7.9,411.6,7.5,421.9,6.5z\"\/>\n<\/svg>\t\t<\/div>\n\t\t\t\t<div class=\"elementor-element elementor-element-e89b0ae elementor-widget elementor-widget-heading\" data-id=\"e89b0ae\" data-element_type=\"widget\" data-widget_type=\"heading.default\">\n\t\t\t\t<div class=\"elementor-widget-container\">\n\t\t\t\t\t<h1 class=\"elementor-heading-title elementor-size-default\">Des cultures d\u2019exception\n \u00e0 la g\u00e9n\u00e9tique unique<\/h1>\t\t\t\t<\/div>\n\t\t\t\t<\/div>\n\t\t\t\t\t<\/div>\n\t\t\t\t<\/div>\n\t\t<div class=\"elementor-element elementor-element-22fa88a e-flex e-con-boxed e-con e-parent\" data-id=\"22fa88a\" data-element_type=\"container\">\n\t\t\t\t\t<div class=\"e-con-inner\">\n\t\t\t\t<div class=\"elementor-element elementor-element-4a17d8d elementor-widget elementor-widget-heading\" data-id=\"4a17d8d\" data-element_type=\"widget\" data-widget_type=\"heading.default\">\n\t\t\t\t<div class=\"elementor-widget-container\">\n\t\t\t\t\t<h3 class=\"elementor-heading-title elementor-size-default\">Des solutions sur mesure pour vos besoins agricoles<\/h3>\t\t\t\t<\/div>\n\t\t\t\t<\/div>\n\t\t\t\t<div class=\"elementor-element elementor-element-7f6e1eb elementor-widget elementor-widget-text-editor\" data-id=\"7f6e1eb\" data-element_type=\"widget\" data-widget_type=\"text-editor.default\">\n\t\t\t\t<div class=\"elementor-widget-container\">\n\t\t\t\t\t\t\t\t\t<p>Chez GreenLab, nous proposons des solutions sur mesure pour <strong>cultures sp\u00e9cifiques<\/strong> qui correspondent \u00e0 vos objectifs agricoles. Nos services vont au-del\u00e0 de la production v\u00e9g\u00e9tale standard : nous fournissons <strong>la pr\u00e9servation et la multiplication des g\u00e8nes<\/strong> de cultures, en veillant \u00e0 ce que vos ressources g\u00e9n\u00e9tiques uniques soient prot\u00e9g\u00e9es et puissent \u00eatre d\u00e9velopp\u00e9es en cas de besoin.<\/p>\t\t\t\t\t\t\t\t<\/div>\n\t\t\t\t<\/div>\n\t\t\t\t\t<\/div>\n\t\t\t\t<\/div>\n\t\t<div class=\"elementor-element elementor-element-b34308e e-flex e-con-boxed e-con e-parent\" data-id=\"b34308e\" data-element_type=\"container\">\n\t\t\t\t\t<div class=\"e-con-inner\">\n\t\t<div class=\"elementor-element elementor-element-bbfb561 e-con-full e-flex e-con e-child\" data-id=\"bbfb561\" data-element_type=\"container\">\n\t\t<div class=\"elementor-element elementor-element-2f4a079 e-con-full e-flex e-con e-child\" data-id=\"2f4a079\" data-element_type=\"container\">\n\t\t\t\t<div class=\"elementor-element elementor-element-f6cb76c elementor-widget elementor-widget-heading\" data-id=\"f6cb76c\" data-element_type=\"widget\" data-aos=\"fade-right\" data-aos-delay=\"200\" data-aos-mirror=\"true\" data-widget_type=\"heading.default\">\n\t\t\t\t<div class=\"elementor-widget-container\">\n\t\t\t\t\t<h2 class=\"elementor-heading-title elementor-size-default\">Qu'est-ce qu'une culture sp\u00e9cifique ?\n<\/h2>\t\t\t\t<\/div>\n\t\t\t\t<\/div>\n\t\t\t\t<div class=\"elementor-element elementor-element-d7967a1 elementor-widget__width-initial elementor-widget elementor-widget-text-editor\" data-id=\"d7967a1\" data-element_type=\"widget\" data-settings=\"{&quot;_animation&quot;:&quot;none&quot;}\" data-aos=\"fade-up\" data-aos-delay=\"200\" data-aos-mirror=\"true\" data-widget_type=\"text-editor.default\">\n\t\t\t\t<div class=\"elementor-widget-container\">\n\t\t\t\t\t\t\t\t\t<p>Les cultures sp\u00e9cifiques d\u00e9signent toutes les plantes qui pr\u00e9sentent un int\u00e9r\u00eat particulier pour vous en tant que cultivateur ou producteur. Ces cultures peuvent pr\u00e9senter des caract\u00e9ristiques uniques que vous avez d\u00e9velopp\u00e9es ou identifi\u00e9es, telles qu'un rendement plus \u00e9lev\u00e9, une r\u00e9sistance aux maladies ou une meilleure qualit\u00e9. Il peut \u00e9galement s'agir de vari\u00e9t\u00e9s rares ou sp\u00e9cialis\u00e9es que vous souhaitez pr\u00e9server et propager \u00e0 grande \u00e9chelle.<\/p>\t\t\t\t\t\t\t\t<\/div>\n\t\t\t\t<\/div>\n\t\t\t\t<\/div>\n\t\t<div class=\"elementor-element elementor-element-3f3cbed e-con-full e-flex e-con e-child\" data-id=\"3f3cbed\" data-element_type=\"container\">\n\t\t\t\t<div class=\"elementor-element elementor-element-d7594cd tu-clase-de-elemento elementor-widget elementor-widget-image\" data-id=\"d7594cd\" data-element_type=\"widget\" data-aos=\"fade-left\" data-aos-delay=\"200\" data-aos-mirror=\"true\" data-widget_type=\"image.default\">\n\t\t\t\t<div class=\"elementor-widget-container\">\n\t\t\t\t\t\t\t\t\t\t\t\t\t\t\t<img fetchpriority=\"high\" decoding=\"async\" width=\"1600\" height=\"1200\" src=\"https:\/\/greenlab-biotechnology.com\/wp-content\/uploads\/2025\/02\/WhatsApp-Image-2025-02-03-at-6.13.04-PM.jpeg\" class=\"attachment-full size-full wp-image-750\" alt=\"\" srcset=\"https:\/\/greenlab-biotechnology.com\/wp-content\/uploads\/2025\/02\/WhatsApp-Image-2025-02-03-at-6.13.04-PM.jpeg 1600w, https:\/\/greenlab-biotechnology.com\/wp-content\/uploads\/2025\/02\/WhatsApp-Image-2025-02-03-at-6.13.04-PM-300x225.jpeg 300w, https:\/\/greenlab-biotechnology.com\/wp-content\/uploads\/2025\/02\/WhatsApp-Image-2025-02-03-at-6.13.04-PM-1024x768.jpeg 1024w, https:\/\/greenlab-biotechnology.com\/wp-content\/uploads\/2025\/02\/WhatsApp-Image-2025-02-03-at-6.13.04-PM-768x576.jpeg 768w, https:\/\/greenlab-biotechnology.com\/wp-content\/uploads\/2025\/02\/WhatsApp-Image-2025-02-03-at-6.13.04-PM-1536x1152.jpeg 1536w\" sizes=\"(max-width: 1600px) 100vw, 1600px\" \/>\t\t\t\t\t\t\t\t\t\t\t\t\t\t\t<\/div>\n\t\t\t\t<\/div>\n\t\t\t\t<\/div>\n\t\t\t\t<\/div>\n\t\t\t\t\t<\/div>\n\t\t\t\t<\/div>\n\t\t<div class=\"elementor-element elementor-element-fbd8fa8 e-flex e-con-boxed e-con e-parent\" data-id=\"fbd8fa8\" data-element_type=\"container\">\n\t\t\t\t\t<div class=\"e-con-inner\">\n\t\t<div class=\"elementor-element elementor-element-68288e8 e-con-full e-flex e-con e-child\" data-id=\"68288e8\" data-element_type=\"container\">\n\t\t<div class=\"elementor-element elementor-element-166246a e-con-full e-flex e-con e-child\" data-id=\"166246a\" data-element_type=\"container\">\n\t\t\t\t<div class=\"elementor-element elementor-element-3b6141f tu-clase-de-elemento elementor-widget elementor-widget-image\" data-id=\"3b6141f\" data-element_type=\"widget\" data-aos=\"fade-lright\" data-aos-delay=\"200\" data-aos-mirror=\"true\" data-widget_type=\"image.default\">\n\t\t\t\t<div class=\"elementor-widget-container\">\n\t\t\t\t\t\t\t\t\t\t\t\t\t\t\t<img decoding=\"async\" width=\"800\" height=\"600\" src=\"https:\/\/greenlab-biotechnology.com\/wp-content\/uploads\/2025\/02\/WhatsApp-Image-2025-02-03-at-6.12.29-PM-1024x768.jpeg\" class=\"attachment-large size-large wp-image-751\" alt=\"\" srcset=\"https:\/\/greenlab-biotechnology.com\/wp-content\/uploads\/2025\/02\/WhatsApp-Image-2025-02-03-at-6.12.29-PM-1024x768.jpeg 1024w, https:\/\/greenlab-biotechnology.com\/wp-content\/uploads\/2025\/02\/WhatsApp-Image-2025-02-03-at-6.12.29-PM-300x225.jpeg 300w, https:\/\/greenlab-biotechnology.com\/wp-content\/uploads\/2025\/02\/WhatsApp-Image-2025-02-03-at-6.12.29-PM-768x576.jpeg 768w, https:\/\/greenlab-biotechnology.com\/wp-content\/uploads\/2025\/02\/WhatsApp-Image-2025-02-03-at-6.12.29-PM-1536x1152.jpeg 1536w, https:\/\/greenlab-biotechnology.com\/wp-content\/uploads\/2025\/02\/WhatsApp-Image-2025-02-03-at-6.12.29-PM.jpeg 1600w\" sizes=\"(max-width: 800px) 100vw, 800px\" \/>\t\t\t\t\t\t\t\t\t\t\t\t\t\t\t<\/div>\n\t\t\t\t<\/div>\n\t\t\t\t<\/div>\n\t\t<div class=\"elementor-element elementor-element-d0753a8 e-con-full e-flex e-con e-child\" data-id=\"d0753a8\" data-element_type=\"container\">\n\t\t\t\t<div class=\"elementor-element elementor-element-602355b elementor-widget elementor-widget-heading\" data-id=\"602355b\" data-element_type=\"widget\" data-aos=\"fade-left\" data-aos-delay=\"200\" data-aos-mirror=\"true\" data-widget_type=\"heading.default\">\n\t\t\t\t<div class=\"elementor-widget-container\">\n\t\t\t\t\t<h2 class=\"elementor-heading-title elementor-size-default\">Duplication g\u00e9n\u00e9tique\n<\/h2>\t\t\t\t<\/div>\n\t\t\t\t<\/div>\n\t\t\t\t<div class=\"elementor-element elementor-element-9615a64 elementor-widget__width-initial elementor-widget elementor-widget-text-editor\" data-id=\"9615a64\" data-element_type=\"widget\" data-settings=\"{&quot;_animation&quot;:&quot;none&quot;}\" data-aos=\"fade-up\" data-aos-delay=\"200\" data-aos-mirror=\"true\" data-widget_type=\"text-editor.default\">\n\t\t\t\t<div class=\"elementor-widget-container\">\n\t\t\t\t\t\t\t\t\t<p>L'une des options que nous proposons est la duplication du patrimoine g\u00e9n\u00e9tique de vos cultures. Si vous souhaitez reproduire une vari\u00e9t\u00e9 ou un caract\u00e8re particulier, nous pouvons prendre votre mat\u00e9riel g\u00e9n\u00e9tique et le reproduire gr\u00e2ce \u00e0 nos processus in vitro. Cela vous permet d'augmenter votre production sans perdre les caract\u00e9ristiques uniques qui font la valeur de vos cultures.<\/p>\t\t\t\t\t\t\t\t<\/div>\n\t\t\t\t<\/div>\n\t\t\t\t<\/div>\n\t\t\t\t<\/div>\n\t\t\t\t\t<\/div>\n\t\t\t\t<\/div>\n\t\t<div class=\"elementor-element elementor-element-e1396fc e-flex e-con-boxed e-con e-parent\" data-id=\"e1396fc\" data-element_type=\"container\">\n\t\t\t\t\t<div class=\"e-con-inner\">\n\t\t<div class=\"elementor-element elementor-element-a45406d e-con-full e-flex e-con e-child\" data-id=\"a45406d\" data-element_type=\"container\">\n\t\t<div class=\"elementor-element elementor-element-19a596b e-con-full e-flex e-con e-child\" data-id=\"19a596b\" data-element_type=\"container\">\n\t\t\t\t<div class=\"elementor-element elementor-element-e84072a elementor-widget elementor-widget-heading\" data-id=\"e84072a\" data-element_type=\"widget\" data-aos=\"fade-right\" data-aos-delay=\"200\" data-aos-mirror=\"true\" data-widget_type=\"heading.default\">\n\t\t\t\t<div class=\"elementor-widget-container\">\n\t\t\t\t\t<h2 class=\"elementor-heading-title elementor-size-default\">Banque g\u00e9n\u00e9tique - Prot\u00e9ger vos g\u00e8nes pr\u00e9cieux\n<\/h2>\t\t\t\t<\/div>\n\t\t\t\t<\/div>\n\t\t\t\t<div class=\"elementor-element elementor-element-70afc50 elementor-widget__width-initial elementor-widget elementor-widget-text-editor\" data-id=\"70afc50\" data-element_type=\"widget\" data-settings=\"{&quot;_animation&quot;:&quot;none&quot;}\" data-aos=\"fade-up\" data-aos-delay=\"200\" data-aos-mirror=\"true\" data-widget_type=\"text-editor.default\">\n\t\t\t\t<div class=\"elementor-widget-container\">\n\t\t\t\t\t\t\t\t\t<p>Nous pouvons \u00e9galement conserver votre mat\u00e9riel g\u00e9n\u00e9tique dans nos installations, transformant ainsi le GreenLab en une banque g\u00e9n\u00e9tique s\u00e9curis\u00e9e. Ce service garantit que votre mat\u00e9riel g\u00e9n\u00e9tique est stock\u00e9 en toute s\u00e9curit\u00e9, en le prot\u00e9geant des menaces ext\u00e9rieures telles que les maladies, le changement climatique ou d'autres risques. Le mat\u00e9riel g\u00e9n\u00e9tique est imm\u00e9diatement disponible et vous pouvez l'utiliser quand vous en avez besoin, que ce soit pour des tests \u00e0 petite \u00e9chelle ou pour une production \u00e0 grande \u00e9chelle.<\/p><p>Cette approche vous permet de b\u00e9n\u00e9ficier \u00e0 la fois de la s\u00e9curit\u00e9 et de la flexibilit\u00e9. Vous pouvez \u00eatre certain que vos g\u00e8nes sont en s\u00e9curit\u00e9 entre nos mains et que vous pourrez y faire appel \u00e0 tout moment pour la production de masse ou le d\u00e9veloppement futur.<\/p>\t\t\t\t\t\t\t\t<\/div>\n\t\t\t\t<\/div>\n\t\t\t\t<\/div>\n\t\t<div class=\"elementor-element elementor-element-9edb960 e-con-full e-flex e-con e-child\" data-id=\"9edb960\" data-element_type=\"container\">\n\t\t\t\t<div class=\"elementor-element elementor-element-e776e61 tu-clase-de-elemento elementor-widget elementor-widget-image\" data-id=\"e776e61\" data-element_type=\"widget\" data-aos=\"fade-left\" data-aos-delay=\"200\" data-aos-mirror=\"true\" data-widget_type=\"image.default\">\n\t\t\t\t<div class=\"elementor-widget-container\">\n\t\t\t\t\t\t\t\t\t\t\t\t\t\t\t<img decoding=\"async\" width=\"1280\" height=\"960\" src=\"https:\/\/greenlab-biotechnology.com\/wp-content\/uploads\/2025\/02\/WhatsApp-Image-2025-02-03-at-5.31.08-PM.jpeg\" class=\"attachment-full size-full wp-image-752\" alt=\"\" srcset=\"https:\/\/greenlab-biotechnology.com\/wp-content\/uploads\/2025\/02\/WhatsApp-Image-2025-02-03-at-5.31.08-PM.jpeg 1280w, https:\/\/greenlab-biotechnology.com\/wp-content\/uploads\/2025\/02\/WhatsApp-Image-2025-02-03-at-5.31.08-PM-300x225.jpeg 300w, https:\/\/greenlab-biotechnology.com\/wp-content\/uploads\/2025\/02\/WhatsApp-Image-2025-02-03-at-5.31.08-PM-1024x768.jpeg 1024w, https:\/\/greenlab-biotechnology.com\/wp-content\/uploads\/2025\/02\/WhatsApp-Image-2025-02-03-at-5.31.08-PM-768x576.jpeg 768w\" sizes=\"(max-width: 1280px) 100vw, 1280px\" \/>\t\t\t\t\t\t\t\t\t\t\t\t\t\t\t<\/div>\n\t\t\t\t<\/div>\n\t\t\t\t<\/div>\n\t\t\t\t<\/div>\n\t\t\t\t\t<\/div>\n\t\t\t\t<\/div>\n\t\t<div class=\"elementor-element elementor-element-023a010 e-flex e-con-boxed e-con e-parent\" data-id=\"023a010\" data-element_type=\"container\">\n\t\t\t\t\t<div class=\"e-con-inner\">\n\t\t<div class=\"elementor-element elementor-element-7435586 e-con-full e-flex e-con e-child\" data-id=\"7435586\" data-element_type=\"container\">\n\t\t<div class=\"elementor-element elementor-element-2377dea e-con-full e-flex e-con e-child\" data-id=\"2377dea\" data-element_type=\"container\">\n\t\t\t\t<div class=\"elementor-element elementor-element-cd94361 tu-clase-de-elemento elementor-widget elementor-widget-image\" data-id=\"cd94361\" data-element_type=\"widget\" data-aos=\"fade-lright\" data-aos-delay=\"200\" data-aos-mirror=\"true\" data-widget_type=\"image.default\">\n\t\t\t\t<div class=\"elementor-widget-container\">\n\t\t\t\t\t\t\t\t\t\t\t\t\t\t\t<img loading=\"lazy\" decoding=\"async\" width=\"800\" height=\"600\" src=\"https:\/\/greenlab-biotechnology.com\/wp-content\/uploads\/2025\/02\/WhatsApp-Image-2025-02-03-at-5.30.36-PM-1024x768.jpeg\" class=\"attachment-large size-large wp-image-753\" alt=\"\" srcset=\"https:\/\/greenlab-biotechnology.com\/wp-content\/uploads\/2025\/02\/WhatsApp-Image-2025-02-03-at-5.30.36-PM-1024x768.jpeg 1024w, https:\/\/greenlab-biotechnology.com\/wp-content\/uploads\/2025\/02\/WhatsApp-Image-2025-02-03-at-5.30.36-PM-300x225.jpeg 300w, https:\/\/greenlab-biotechnology.com\/wp-content\/uploads\/2025\/02\/WhatsApp-Image-2025-02-03-at-5.30.36-PM-768x576.jpeg 768w, https:\/\/greenlab-biotechnology.com\/wp-content\/uploads\/2025\/02\/WhatsApp-Image-2025-02-03-at-5.30.36-PM.jpeg 1280w\" sizes=\"(max-width: 800px) 100vw, 800px\" \/>\t\t\t\t\t\t\t\t\t\t\t\t\t\t\t<\/div>\n\t\t\t\t<\/div>\n\t\t\t\t<\/div>\n\t\t<div class=\"elementor-element elementor-element-8372c45 e-con-full e-flex e-con e-child\" data-id=\"8372c45\" data-element_type=\"container\">\n\t\t\t\t<div class=\"elementor-element elementor-element-6a4ffe4 elementor-widget elementor-widget-heading\" data-id=\"6a4ffe4\" data-element_type=\"widget\" data-aos=\"fade-left\" data-aos-delay=\"200\" data-aos-mirror=\"true\" data-widget_type=\"heading.default\">\n\t\t\t\t<div class=\"elementor-widget-container\">\n\t\t\t\t\t<h2 class=\"elementor-heading-title elementor-size-default\">Pourquoi choisir GreenLab pour des cultures sp\u00e9cifiques ?\n<\/h2>\t\t\t\t<\/div>\n\t\t\t\t<\/div>\n\t\t\t\t<div class=\"elementor-element elementor-element-bb2636a elementor-widget__width-initial elementor-widget elementor-widget-text-editor\" data-id=\"bb2636a\" data-element_type=\"widget\" data-settings=\"{&quot;_animation&quot;:&quot;none&quot;}\" data-aos=\"fade-up\" data-aos-delay=\"200\" data-aos-mirror=\"true\" data-widget_type=\"text-editor.default\">\n\t\t\t\t<div class=\"elementor-widget-container\">\n\t\t\t\t\t\t\t\t\t<ul><li><b>Protection de votre propri\u00e9t\u00e9 intellectuelle<\/b><span style=\"font-weight: 400;\">: Avec GreenLab comme partenaire, votre mat\u00e9riel g\u00e9n\u00e9tique reste confidentiel et prot\u00e9g\u00e9. Nous offrons un stockage et un traitement s\u00e9curis\u00e9s, garantissant que vos cultures uniques restent les v\u00f4tres.<\/span><\/li><li><b>\u00c9volutivit\u00e9<\/b><span style=\"font-weight: 400;\">: Que vous ayez besoin d'un petit lot pour des tests ou d'une production \u00e0 grande \u00e9chelle, nous pouvons vous aider \u00e0 multiplier vos cultures de mani\u00e8re efficace et efficiente.<\/span><\/li><li><b>S\u00e9curit\u00e9 et flexibilit\u00e9<\/b><span style=\"font-weight: 400;\">: Votre g\u00e9n\u00e9tique est sauvegard\u00e9e dans notre banque g\u00e9n\u00e9tique et peut \u00eatre utilis\u00e9e \u00e0 tout moment pour r\u00e9pondre \u00e0 vos besoins de production futurs.<\/span><\/li><\/ul><p>\u00a0<\/p><p><span style=\"font-weight: 400;\">Chez GreenLab, nous comprenons que vos cultures sont pr\u00e9cieuses. C'est pourquoi nous offrons le plus haut niveau de soins et de protection, avec la possibilit\u00e9 d'augmenter la production lorsque vous \u00eates pr\u00eat. Contactez-nous d\u00e8s aujourd'hui pour savoir comment nos <\/span><b>solutions sp\u00e9cifiques pour les cultures<\/b><span style=\"font-weight: 400;\"> peut vous aider \u00e0 d\u00e9velopper votre entreprise tout en prot\u00e9geant vos ressources les plus pr\u00e9cieuses.<\/span><\/p>\t\t\t\t\t\t\t\t<\/div>\n\t\t\t\t<\/div>\n\t\t\t\t<\/div>\n\t\t\t\t<\/div>\n\t\t\t\t\t<\/div>\n\t\t\t\t<\/div>\n\t\t\t\t<\/div>","protected":false},"excerpt":{"rendered":"<p>Tailored Solutions for Your Agricultural Needs At GreenLab, we offer tailored solutions for specific crops that align with your agricultural goals. Our services go beyond standard plant production: we provide genetic preservation and multiplication of crops, ensuring that your unique genetic resources are protected and can be scaled up when needed. What Are Specific Crops? [&hellip;]<\/p>","protected":false},"author":2,"featured_media":0,"parent":0,"menu_order":0,"comment_status":"closed","ping_status":"closed","template":"","meta":{"footnotes":""},"class_list":["post-747","page","type-page","status-publish","hentry"],"_links":{"self":[{"href":"https:\/\/greenlab-biotechnology.com\/fr\/wp-json\/wp\/v2\/pages\/747","targetHints":{"allow":["GET"]}}],"collection":[{"href":"https:\/\/greenlab-biotechnology.com\/fr\/wp-json\/wp\/v2\/pages"}],"about":[{"href":"https:\/\/greenlab-biotechnology.com\/fr\/wp-json\/wp\/v2\/types\/page"}],"author":[{"embeddable":true,"href":"https:\/\/greenlab-biotechnology.com\/fr\/wp-json\/wp\/v2\/users\/2"}],"replies":[{"embeddable":true,"href":"https:\/\/greenlab-biotechnology.com\/fr\/wp-json\/wp\/v2\/comments?post=747"}],"version-history":[{"count":4,"href":"https:\/\/greenlab-biotechnology.com\/fr\/wp-json\/wp\/v2\/pages\/747\/revisions"}],"predecessor-version":[{"id":756,"href":"https:\/\/greenlab-biotechnology.com\/fr\/wp-json\/wp\/v2\/pages\/747\/revisions\/756"}],"wp:attachment":[{"href":"https:\/\/greenlab-biotechnology.com\/fr\/wp-json\/wp\/v2\/media?parent=747"}],"curies":[{"name":"wp","href":"https:\/\/api.w.org\/{rel}","templated":true}]}}