{"id":331,"date":"2025-01-26T00:16:33","date_gmt":"2025-01-26T05:16:33","guid":{"rendered":"https:\/\/greenlab.webconnecting.co\/?page_id=331"},"modified":"2025-03-10T01:27:58","modified_gmt":"2025-03-10T06:27:58","slug":"our-services","status":"publish","type":"page","link":"https:\/\/greenlab-biotechnology.com\/fr\/our-services\/","title":{"rendered":"NOS SERVICES"},"content":{"rendered":"<div data-elementor-type=\"wp-page\" data-elementor-id=\"331\" class=\"elementor elementor-331\" data-elementor-post-type=\"page\">\n\t\t\t\t<div class=\"elementor-element elementor-element-62ab72d e-flex e-con-boxed e-con e-parent\" data-id=\"62ab72d\" data-element_type=\"container\" data-settings=\"{&quot;background_background&quot;:&quot;classic&quot;,&quot;shape_divider_bottom&quot;:&quot;waves&quot;}\">\n\t\t\t\t\t<div class=\"e-con-inner\">\n\t\t\t\t<div class=\"elementor-shape elementor-shape-bottom\" aria-hidden=\"true\" data-negative=\"false\">\n\t\t\t<svg xmlns=\"http:\/\/www.w3.org\/2000\/svg\" viewbox=\"0 0 1000 100\" preserveaspectratio=\"none\">\n\t<path class=\"elementor-shape-fill\" d=\"M421.9,6.5c22.6-2.5,51.5,0.4,75.5,5.3c23.6,4.9,70.9,23.5,100.5,35.7c75.8,32.2,133.7,44.5,192.6,49.7\tc23.6,2.1,48.7,3.5,103.4-2.5c54.7-6,106.2-25.6,106.2-25.6V0H0v30.3c0,0,72,32.6,158.4,30.5c39.2-0.7,92.8-6.7,134-22.4\tc21.2-8.1,52.2-18.2,79.7-24.2C399.3,7.9,411.6,7.5,421.9,6.5z\"\/>\n<\/svg>\t\t<\/div>\n\t\t\t\t<div class=\"elementor-element elementor-element-e89b0ae elementor-widget elementor-widget-heading\" data-id=\"e89b0ae\" data-element_type=\"widget\" data-widget_type=\"heading.default\">\n\t\t\t\t<div class=\"elementor-widget-container\">\n\t\t\t\t\t<h1 class=\"elementor-heading-title elementor-size-default\">NOS SERVICES<\/h1>\t\t\t\t<\/div>\n\t\t\t\t<\/div>\n\t\t\t\t\t<\/div>\n\t\t\t\t<\/div>\n\t\t<div class=\"elementor-element elementor-element-22fa88a e-flex e-con-boxed e-con e-parent\" data-id=\"22fa88a\" data-element_type=\"container\">\n\t\t\t\t\t<div class=\"e-con-inner\">\n\t\t\t\t<div class=\"elementor-element elementor-element-4a17d8d elementor-widget elementor-widget-heading\" data-id=\"4a17d8d\" data-element_type=\"widget\" data-widget_type=\"heading.default\">\n\t\t\t\t<div class=\"elementor-widget-container\">\n\t\t\t\t\t<h3 class=\"elementor-heading-title elementor-size-default\">Plantes in vitro de haute qualit\u00e9<\/h3>\t\t\t\t<\/div>\n\t\t\t\t<\/div>\n\t\t\t\t<div class=\"elementor-element elementor-element-7f6e1eb elementor-widget elementor-widget-text-editor\" data-id=\"7f6e1eb\" data-element_type=\"widget\" data-widget_type=\"text-editor.default\">\n\t\t\t\t<div class=\"elementor-widget-container\">\n\t\t\t\t\t\t\t\t\t<p>Chez GreenLab, nous sommes sp\u00e9cialis\u00e9s dans la production de plantes in vitro de haute qualit\u00e9, adapt\u00e9es \u00e0 une grande vari\u00e9t\u00e9 de conditions et con\u00e7ues pour r\u00e9pondre aux attentes des producteurs les plus exigeants.\nGr\u00e2ce \u00e0 nos technologies avanc\u00e9es, nous garantissons des plantes saines et robustes, pr\u00eates \u00e0 offrir d\u2019excellentes performances au champ qu\u2019il s\u2019agisse de plantes tropicales, d\u2019arbres forestiers ou de plantes ornementales.\nChaque plant est soigneusement s\u00e9lectionn\u00e9 et cultiv\u00e9 dans nos laboratoires afin de maximiser le rendement et d\u2019assurer une croissance optimale.<\/p>\t\t\t\t\t\t\t\t<\/div>\n\t\t\t\t<\/div>\n\t\t\t\t\t<\/div>\n\t\t\t\t<\/div>\n\t\t<div class=\"elementor-element elementor-element-b34308e e-flex e-con-boxed e-con e-parent\" data-id=\"b34308e\" data-element_type=\"container\" data-settings=\"{&quot;background_background&quot;:&quot;classic&quot;}\">\n\t\t\t\t\t<div class=\"e-con-inner\">\n\t\t<div class=\"elementor-element elementor-element-bbfb561 e-con-full e-flex e-con e-child\" data-id=\"bbfb561\" data-element_type=\"container\">\n\t\t<div class=\"elementor-element elementor-element-2f4a079 e-con-full e-flex e-con e-child\" data-id=\"2f4a079\" data-element_type=\"container\">\n\t\t\t\t<div class=\"elementor-element elementor-element-f6cb76c elementor-widget elementor-widget-heading\" data-id=\"f6cb76c\" data-element_type=\"widget\" data-aos=\"fade-right\" data-aos-delay=\"200\" data-aos-mirror=\"true\" data-widget_type=\"heading.default\">\n\t\t\t\t<div class=\"elementor-widget-container\">\n\t\t\t\t\t<h2 class=\"elementor-heading-title elementor-size-default\">Renouvelez votre g\u00e9n\u00e9tique, renforcez vos cultures <\/h2>\t\t\t\t<\/div>\n\t\t\t\t<\/div>\n\t\t\t\t<div class=\"elementor-element elementor-element-d7967a1 elementor-widget__width-initial elementor-widget elementor-widget-text-editor\" data-id=\"d7967a1\" data-element_type=\"widget\" data-settings=\"{&quot;_animation&quot;:&quot;none&quot;}\" data-aos=\"fade-up\" data-aos-delay=\"200\" data-aos-mirror=\"true\" data-widget_type=\"text-editor.default\">\n\t\t\t\t<div class=\"elementor-widget-container\">\n\t\t\t\t\t\t\t\t\t<p>Renouveler votre mat\u00e9riel g\u00e9n\u00e9tique est essentiel pour maintenir des cultures performantes et r\u00e9silientes face aux d\u00e9fis climatiques et environnementaux.\nGr\u00e2ce \u00e0 nos services de culture in vitro, nous vous proposons une solution fiable pour multiplier vos vari\u00e9t\u00e9s qu\u2019il s\u2019agisse d\u2019ananas, de bananiers, de papayes ou d\u2019autres plantes sp\u00e9cialis\u00e9es.\nCe renouvellement permet d\u2019am\u00e9liorer la qualit\u00e9 de vos r\u00e9coltes et de r\u00e9duire les risques li\u00e9s aux maladies.<\/p>\t\t\t\t\t\t\t\t<\/div>\n\t\t\t\t<\/div>\n\t\t\t\t<div class=\"elementor-element elementor-element-fb74ead elementor-widget elementor-widget-button\" data-id=\"fb74ead\" data-element_type=\"widget\" data-aos=\"fade-up\" data-aos-delay=\"350\" data-aos-mirror=\"true\" data-widget_type=\"button.default\">\n\t\t\t\t<div class=\"elementor-widget-container\">\n\t\t\t\t\t\t\t\t\t<div class=\"elementor-button-wrapper\">\n\t\t\t\t\t<a class=\"elementor-button elementor-button-link elementor-size-sm elementor-animation-shrink\" href=\"https:\/\/greenlab-biotechnology.com\/fr\/unique-genetics-crops\/\">\n\t\t\t\t\t\t<span class=\"elementor-button-content-wrapper\">\n\t\t\t\t\t\t<span class=\"elementor-button-icon\">\n\t\t\t\t<svg aria-hidden=\"true\" class=\"e-font-icon-svg e-fas-chevron-right\" viewbox=\"0 0 320 512\" xmlns=\"http:\/\/www.w3.org\/2000\/svg\"><path d=\"M285.476 272.971L91.132 467.314c-9.373 9.373-24.569 9.373-33.941 0l-22.667-22.667c-9.357-9.357-9.375-24.522-.04-33.901L188.505 256 34.484 101.255c-9.335-9.379-9.317-24.544.04-33.901l22.667-22.667c9.373-9.373 24.569-9.373 33.941 0L285.475 239.03c9.373 9.372 9.373 24.568.001 33.941z\"><\/path><\/svg>\t\t\t<\/span>\n\t\t\t\t\t\t\t\t\t<span class=\"elementor-button-text\">En savoir plus<\/span>\n\t\t\t\t\t<\/span>\n\t\t\t\t\t<\/a>\n\t\t\t\t<\/div>\n\t\t\t\t\t\t\t\t<\/div>\n\t\t\t\t<\/div>\n\t\t\t\t<\/div>\n\t\t<div class=\"elementor-element elementor-element-3f3cbed e-con-full e-flex e-con e-child\" data-id=\"3f3cbed\" data-element_type=\"container\">\n\t\t\t\t<div class=\"elementor-element elementor-element-d7594cd tu-clase-de-elemento elementor-widget elementor-widget-image\" data-id=\"d7594cd\" data-element_type=\"widget\" data-aos=\"fade-left\" data-aos-delay=\"200\" data-aos-mirror=\"true\" data-widget_type=\"image.default\">\n\t\t\t\t<div class=\"elementor-widget-container\">\n\t\t\t\t\t\t\t\t\t\t\t\t\t\t\t<img fetchpriority=\"high\" decoding=\"async\" width=\"800\" height=\"450\" src=\"https:\/\/greenlab-biotechnology.com\/wp-content\/uploads\/2025\/01\/DSC01284-1024x576.jpg\" class=\"attachment-large size-large wp-image-413\" alt=\"\" srcset=\"https:\/\/greenlab-biotechnology.com\/wp-content\/uploads\/2025\/01\/DSC01284-1024x576.jpg 1024w, https:\/\/greenlab-biotechnology.com\/wp-content\/uploads\/2025\/01\/DSC01284-300x169.jpg 300w, https:\/\/greenlab-biotechnology.com\/wp-content\/uploads\/2025\/01\/DSC01284-768x432.jpg 768w, https:\/\/greenlab-biotechnology.com\/wp-content\/uploads\/2025\/01\/DSC01284-1536x864.jpg 1536w, https:\/\/greenlab-biotechnology.com\/wp-content\/uploads\/2025\/01\/DSC01284-2048x1152.jpg 2048w\" sizes=\"(max-width: 800px) 100vw, 800px\" \/>\t\t\t\t\t\t\t\t\t\t\t\t\t\t\t<\/div>\n\t\t\t\t<\/div>\n\t\t\t\t<\/div>\n\t\t\t\t<\/div>\n\t\t\t\t\t<\/div>\n\t\t\t\t<\/div>\n\t\t<div class=\"elementor-element elementor-element-fbd8fa8 e-flex e-con-boxed e-con e-parent\" data-id=\"fbd8fa8\" data-element_type=\"container\">\n\t\t\t\t\t<div class=\"e-con-inner\">\n\t\t<div class=\"elementor-element elementor-element-68288e8 e-con-full e-flex e-con e-child\" data-id=\"68288e8\" data-element_type=\"container\">\n\t\t<div class=\"elementor-element elementor-element-166246a e-con-full e-flex e-con e-child\" data-id=\"166246a\" data-element_type=\"container\">\n\t\t\t\t<div class=\"elementor-element elementor-element-3b6141f tu-clase-de-elemento elementor-widget elementor-widget-image\" data-id=\"3b6141f\" data-element_type=\"widget\" data-aos=\"fade-lright\" data-aos-delay=\"200\" data-aos-mirror=\"true\" data-widget_type=\"image.default\">\n\t\t\t\t<div class=\"elementor-widget-container\">\n\t\t\t\t\t\t\t\t\t\t\t\t\t\t\t<img decoding=\"async\" width=\"800\" height=\"600\" src=\"https:\/\/greenlab-biotechnology.com\/wp-content\/uploads\/2025\/02\/IMG_6360-1024x768.jpg\" class=\"attachment-large size-large wp-image-952\" alt=\"\" srcset=\"https:\/\/greenlab-biotechnology.com\/wp-content\/uploads\/2025\/02\/IMG_6360-1024x768.jpg 1024w, https:\/\/greenlab-biotechnology.com\/wp-content\/uploads\/2025\/02\/IMG_6360-300x225.jpg 300w, https:\/\/greenlab-biotechnology.com\/wp-content\/uploads\/2025\/02\/IMG_6360-768x576.jpg 768w, https:\/\/greenlab-biotechnology.com\/wp-content\/uploads\/2025\/02\/IMG_6360-1536x1152.jpg 1536w, https:\/\/greenlab-biotechnology.com\/wp-content\/uploads\/2025\/02\/IMG_6360-2048x1536.jpg 2048w\" sizes=\"(max-width: 800px) 100vw, 800px\" \/>\t\t\t\t\t\t\t\t\t\t\t\t\t\t\t<\/div>\n\t\t\t\t<\/div>\n\t\t\t\t<\/div>\n\t\t<div class=\"elementor-element elementor-element-d0753a8 e-con-full e-flex e-con e-child\" data-id=\"d0753a8\" data-element_type=\"container\">\n\t\t\t\t<div class=\"elementor-element elementor-element-602355b elementor-widget elementor-widget-heading\" data-id=\"602355b\" data-element_type=\"widget\" data-aos=\"fade-left\" data-aos-delay=\"200\" data-aos-mirror=\"true\" data-widget_type=\"heading.default\">\n\t\t\t\t<div class=\"elementor-widget-container\">\n\t\t\t\t\t<h2 class=\"elementor-heading-title elementor-size-default\">Conservation g\u00e9n\u00e9tique <\/h2>\t\t\t\t<\/div>\n\t\t\t\t<\/div>\n\t\t\t\t<div class=\"elementor-element elementor-element-9615a64 elementor-widget__width-initial elementor-widget elementor-widget-text-editor\" data-id=\"9615a64\" data-element_type=\"widget\" data-settings=\"{&quot;_animation&quot;:&quot;none&quot;}\" data-aos=\"fade-up\" data-aos-delay=\"200\" data-aos-mirror=\"true\" data-widget_type=\"text-editor.default\">\n\t\t\t\t<div class=\"elementor-widget-container\">\n\t\t\t\t\t\t\t\t\t<p>La conservation de votre mat\u00e9riel g\u00e9n\u00e9tique est un autre pilier de notre expertise.\nNous savons combien il est important de pr\u00e9server certaines vari\u00e9t\u00e9s, qu\u2019il s\u2019agisse de cultures locales ou de lign\u00e9es rares.\nGr\u00e2ce \u00e0 nos techniques de culture in vitro, nous pouvons conserver vos vari\u00e9t\u00e9s en toute s\u00e9curit\u00e9, tout en garantissant leur viabilit\u00e9 sur le long terme.\nNous vous accompagnons tout au long de ce processus, avec une solution fiable pour prot\u00e9ger votre patrimoine g\u00e9n\u00e9tique.<\/p>\t\t\t\t\t\t\t\t<\/div>\n\t\t\t\t<\/div>\n\t\t\t\t<div class=\"elementor-element elementor-element-f2bfffb elementor-widget elementor-widget-button\" data-id=\"f2bfffb\" data-element_type=\"widget\" data-aos=\"fade-up\" data-aos-delay=\"350\" data-aos-mirror=\"true\" data-widget_type=\"button.default\">\n\t\t\t\t<div class=\"elementor-widget-container\">\n\t\t\t\t\t\t\t\t\t<div class=\"elementor-button-wrapper\">\n\t\t\t\t\t<a class=\"elementor-button elementor-button-link elementor-size-sm elementor-animation-shrink\" href=\"https:\/\/greenlab-biotechnology.com\/fr\/unique-genetics-crops\/\">\n\t\t\t\t\t\t<span class=\"elementor-button-content-wrapper\">\n\t\t\t\t\t\t<span class=\"elementor-button-icon\">\n\t\t\t\t<svg aria-hidden=\"true\" class=\"e-font-icon-svg e-fas-chevron-right\" viewbox=\"0 0 320 512\" xmlns=\"http:\/\/www.w3.org\/2000\/svg\"><path d=\"M285.476 272.971L91.132 467.314c-9.373 9.373-24.569 9.373-33.941 0l-22.667-22.667c-9.357-9.357-9.375-24.522-.04-33.901L188.505 256 34.484 101.255c-9.335-9.379-9.317-24.544.04-33.901l22.667-22.667c9.373-9.373 24.569-9.373 33.941 0L285.475 239.03c9.373 9.372 9.373 24.568.001 33.941z\"><\/path><\/svg>\t\t\t<\/span>\n\t\t\t\t\t\t\t\t\t<span class=\"elementor-button-text\">En savoir plus<\/span>\n\t\t\t\t\t<\/span>\n\t\t\t\t\t<\/a>\n\t\t\t\t<\/div>\n\t\t\t\t\t\t\t\t<\/div>\n\t\t\t\t<\/div>\n\t\t\t\t<\/div>\n\t\t\t\t<\/div>\n\t\t\t\t\t<\/div>\n\t\t\t\t<\/div>\n\t\t\t\t<\/div>","protected":false},"excerpt":{"rendered":"<p>Plantes in vitro de haute qualit\u00e9 Chez GreenLab, nous sommes sp\u00e9cialis\u00e9s dans la production de plantes in vitro de haute qualit\u00e9, adapt\u00e9es \u00e0 diverses conditions et con\u00e7ues pour r\u00e9pondre aux besoins des producteurs les plus exigeants. Nos technologies avanc\u00e9es nous permettent de garantir des plantes saines, robustes et pr\u00eates \u00e0 fonctionner sur le terrain, qu'il s'agisse de plantes tropicales, d'arbres forestiers ou de [...]<\/p>","protected":false},"author":2,"featured_media":0,"parent":0,"menu_order":0,"comment_status":"closed","ping_status":"closed","template":"","meta":{"footnotes":""},"class_list":["post-331","page","type-page","status-publish","hentry"],"_links":{"self":[{"href":"https:\/\/greenlab-biotechnology.com\/fr\/wp-json\/wp\/v2\/pages\/331","targetHints":{"allow":["GET"]}}],"collection":[{"href":"https:\/\/greenlab-biotechnology.com\/fr\/wp-json\/wp\/v2\/pages"}],"about":[{"href":"https:\/\/greenlab-biotechnology.com\/fr\/wp-json\/wp\/v2\/types\/page"}],"author":[{"embeddable":true,"href":"https:\/\/greenlab-biotechnology.com\/fr\/wp-json\/wp\/v2\/users\/2"}],"replies":[{"embeddable":true,"href":"https:\/\/greenlab-biotechnology.com\/fr\/wp-json\/wp\/v2\/comments?post=331"}],"version-history":[{"count":22,"href":"https:\/\/greenlab-biotechnology.com\/fr\/wp-json\/wp\/v2\/pages\/331\/revisions"}],"predecessor-version":[{"id":1049,"href":"https:\/\/greenlab-biotechnology.com\/fr\/wp-json\/wp\/v2\/pages\/331\/revisions\/1049"}],"wp:attachment":[{"href":"https:\/\/greenlab-biotechnology.com\/fr\/wp-json\/wp\/v2\/media?parent=331"}],"curies":[{"name":"wp","href":"https:\/\/api.w.org\/{rel}","templated":true}]}}