{"id":1014,"date":"2025-03-10T00:28:34","date_gmt":"2025-03-10T05:28:34","guid":{"rendered":"https:\/\/greenlab-biotechnology.com\/?page_id=1014"},"modified":"2025-04-08T23:35:36","modified_gmt":"2025-04-09T04:35:36","slug":"ornamental-plants","status":"publish","type":"page","link":"https:\/\/greenlab-biotechnology.com\/fr\/ornamental-plants\/","title":{"rendered":"PLANTES ORNEMENTALES"},"content":{"rendered":"<div data-elementor-type=\"wp-page\" data-elementor-id=\"1014\" class=\"elementor elementor-1014\" data-elementor-post-type=\"page\">\n\t\t\t\t<div class=\"elementor-element elementor-element-953663b e-flex e-con-boxed e-con e-parent\" data-id=\"953663b\" data-element_type=\"container\" data-settings=\"{&quot;background_background&quot;:&quot;classic&quot;,&quot;shape_divider_bottom&quot;:&quot;waves&quot;}\">\n\t\t\t\t\t<div class=\"e-con-inner\">\n\t\t\t\t<div class=\"elementor-shape elementor-shape-bottom\" aria-hidden=\"true\" data-negative=\"false\">\n\t\t\t<svg xmlns=\"http:\/\/www.w3.org\/2000\/svg\" viewbox=\"0 0 1000 100\" preserveaspectratio=\"none\">\n\t<path class=\"elementor-shape-fill\" d=\"M421.9,6.5c22.6-2.5,51.5,0.4,75.5,5.3c23.6,4.9,70.9,23.5,100.5,35.7c75.8,32.2,133.7,44.5,192.6,49.7\tc23.6,2.1,48.7,3.5,103.4-2.5c54.7-6,106.2-25.6,106.2-25.6V0H0v30.3c0,0,72,32.6,158.4,30.5c39.2-0.7,92.8-6.7,134-22.4\tc21.2-8.1,52.2-18.2,79.7-24.2C399.3,7.9,411.6,7.5,421.9,6.5z\"\/>\n<\/svg>\t\t<\/div>\n\t\t\t\t<div class=\"elementor-element elementor-element-c16415d elementor-widget elementor-widget-heading\" data-id=\"c16415d\" data-element_type=\"widget\" data-widget_type=\"heading.default\">\n\t\t\t\t<div class=\"elementor-widget-container\">\n\t\t\t\t\t<h1 class=\"elementor-heading-title elementor-size-default\">PLANTES ORNEMENTALES<\/h1>\t\t\t\t<\/div>\n\t\t\t\t<\/div>\n\t\t\t\t\t<\/div>\n\t\t\t\t<\/div>\n\t\t<div class=\"elementor-element elementor-element-be18bc5 e-flex e-con-boxed e-con e-parent\" data-id=\"be18bc5\" data-element_type=\"container\">\n\t\t\t\t\t<div class=\"e-con-inner\">\n\t\t\t\t<div class=\"elementor-element elementor-element-237bdae elementor-widget elementor-widget-text-editor\" data-id=\"237bdae\" data-element_type=\"widget\" data-widget_type=\"text-editor.default\">\n\t\t\t\t<div class=\"elementor-widget-container\">\n\t\t\t\t\t\t\t\t\t<p><strong>LES PLUS BELLES PLANTES POUR VOTRE JARDIN... OU VOTRE INTERIEUR !<\/strong><br \/>Nos plantes sont issues de la culture in vitro, cultiv\u00e9es avec soin et s\u00e9lectionn\u00e9es pour leur qualit\u00e9 exceptionnelle <em>.<\/em><\/p>\t\t\t\t\t\t\t\t<\/div>\n\t\t\t\t<\/div>\n\t\t<div class=\"elementor-element elementor-element-c205901 e-con-full e-flex e-con e-child\" data-id=\"c205901\" data-element_type=\"container\">\n\t\t<div class=\"elementor-element elementor-element-d131e93 e-con-full e-flex e-con e-child\" data-id=\"d131e93\" data-element_type=\"container\" data-aos=\"fade-up\" data-aos-delay=\"200\" data-aos-mirror=\"true\">\n\t\t\t\t<div class=\"elementor-element elementor-element-b76b1f4 elementor-widget elementor-widget-heading\" data-id=\"b76b1f4\" data-element_type=\"widget\" data-widget_type=\"heading.default\">\n\t\t\t\t<div class=\"elementor-widget-container\">\n\t\t\t\t\t<h4 class=\"elementor-heading-title elementor-size-default\"><a href=\"https:\/\/jardinisimo.com.pa\/categoria-producto\/anturio\/\" target=\"_blank\">Anthuriums<\/a><\/h4>\t\t\t\t<\/div>\n\t\t\t\t<\/div>\n\t\t\t\t<div class=\"elementor-element elementor-element-a7fcc78 elementor-widget elementor-widget-image\" data-id=\"a7fcc78\" data-element_type=\"widget\" data-widget_type=\"image.default\">\n\t\t\t\t<div class=\"elementor-widget-container\">\n\t\t\t\t\t\t\t\t\t\t\t\t\t\t\t\t<a href=\"https:\/\/jardinisimo.com.pa\/categoria-producto\/anturio\/\" target=\"_blank\">\n\t\t\t\t\t\t\t<img decoding=\"async\" src=\"https:\/\/greenlab-biotechnology.com\/wp-content\/uploads\/elementor\/thumbs\/antuario-blanco-1-r2n1viyh59o69v9rdbn19nj38yn4ey1fvuc9sxvs6o.webp\" title=\"antuario-blanco-1\" alt=\"antuario-blanco-1\" loading=\"lazy\" \/>\t\t\t\t\t\t\t\t<\/a>\n\t\t\t\t\t\t\t\t\t\t\t\t\t\t\t<\/div>\n\t\t\t\t<\/div>\n\t\t\t\t<div class=\"elementor-element elementor-element-9f5bcf1 elementor-align-justify elementor-widget elementor-widget-button\" data-id=\"9f5bcf1\" data-element_type=\"widget\" data-widget_type=\"button.default\">\n\t\t\t\t<div class=\"elementor-widget-container\">\n\t\t\t\t\t\t\t\t\t<div class=\"elementor-button-wrapper\">\n\t\t\t\t\t<a class=\"elementor-button elementor-button-link elementor-size-sm\" href=\"https:\/\/jardinisimo.com.pa\/categoria-producto\/anturio\/\" target=\"_blank\">\n\t\t\t\t\t\t<span class=\"elementor-button-content-wrapper\">\n\t\t\t\t\t\t<span class=\"elementor-button-icon\">\n\t\t\t\t<i aria-hidden=\"true\" class=\"lnr lnr-chevron-right\"><\/i>\t\t\t<\/span>\n\t\t\t\t\t\t\t\t\t<span class=\"elementor-button-text\">Liste<\/span>\n\t\t\t\t\t<\/span>\n\t\t\t\t\t<\/a>\n\t\t\t\t<\/div>\n\t\t\t\t\t\t\t\t<\/div>\n\t\t\t\t<\/div>\n\t\t\t\t<\/div>\n\t\t<div class=\"elementor-element elementor-element-9823a62 e-con-full e-flex e-con e-child\" data-id=\"9823a62\" data-element_type=\"container\" data-aos=\"fade-up\" data-aos-delay=\"200\" data-aos-mirror=\"true\">\n\t\t\t\t<div class=\"elementor-element elementor-element-3f5c9fb elementor-widget elementor-widget-heading\" data-id=\"3f5c9fb\" data-element_type=\"widget\" data-widget_type=\"heading.default\">\n\t\t\t\t<div class=\"elementor-widget-container\">\n\t\t\t\t\t<h4 class=\"elementor-heading-title elementor-size-default\"><a href=\"https:\/\/jardinisimo.com.pa\/categoria-producto\/calatea\/\" target=\"_blank\">Calatheas<\/a><\/h4>\t\t\t\t<\/div>\n\t\t\t\t<\/div>\n\t\t\t\t<div class=\"elementor-element elementor-element-3445d92 elementor-widget__width-initial elementor-widget elementor-widget-image\" data-id=\"3445d92\" data-element_type=\"widget\" data-widget_type=\"image.default\">\n\t\t\t\t<div class=\"elementor-widget-container\">\n\t\t\t\t\t\t\t\t\t\t\t\t\t\t\t\t<a href=\"https:\/\/jardinisimo.com.pa\/categoria-producto\/calatea\/\" target=\"_blank\">\n\t\t\t\t\t\t\t<img decoding=\"async\" src=\"https:\/\/greenlab-biotechnology.com\/wp-content\/uploads\/elementor\/thumbs\/FS65_1100x-r2n1zs6639hwub37inv822v82rny9lxoswof11km0g.webp\" title=\"FS65_1100x\" alt=\"FS65_1100x\" loading=\"lazy\" \/>\t\t\t\t\t\t\t\t<\/a>\n\t\t\t\t\t\t\t\t\t\t\t\t\t\t\t<\/div>\n\t\t\t\t<\/div>\n\t\t\t\t<div class=\"elementor-element elementor-element-c040e29 elementor-align-justify elementor-widget elementor-widget-button\" data-id=\"c040e29\" data-element_type=\"widget\" data-widget_type=\"button.default\">\n\t\t\t\t<div class=\"elementor-widget-container\">\n\t\t\t\t\t\t\t\t\t<div class=\"elementor-button-wrapper\">\n\t\t\t\t\t<a class=\"elementor-button elementor-button-link elementor-size-sm\" href=\"https:\/\/jardinisimo.com.pa\/categoria-producto\/calatea\/\" target=\"_blank\">\n\t\t\t\t\t\t<span class=\"elementor-button-content-wrapper\">\n\t\t\t\t\t\t<span class=\"elementor-button-icon\">\n\t\t\t\t<i aria-hidden=\"true\" class=\"lnr lnr-chevron-right\"><\/i>\t\t\t<\/span>\n\t\t\t\t\t\t\t\t\t<span class=\"elementor-button-text\">Liste<\/span>\n\t\t\t\t\t<\/span>\n\t\t\t\t\t<\/a>\n\t\t\t\t<\/div>\n\t\t\t\t\t\t\t\t<\/div>\n\t\t\t\t<\/div>\n\t\t\t\t<\/div>\n\t\t<div class=\"elementor-element elementor-element-92f2609 e-con-full e-flex e-con e-child\" data-id=\"92f2609\" data-element_type=\"container\" data-aos=\"fade-up\" data-aos-delay=\"200\" data-aos-mirror=\"true\">\n\t\t\t\t<div class=\"elementor-element elementor-element-c97ce20 elementor-widget elementor-widget-heading\" data-id=\"c97ce20\" data-element_type=\"widget\" data-widget_type=\"heading.default\">\n\t\t\t\t<div class=\"elementor-widget-container\">\n\t\t\t\t\t<h4 class=\"elementor-heading-title elementor-size-default\"><a href=\"https:\/\/jardinisimo.com.pa\/categoria-producto\/filodendron\/\" target=\"_blank\">Philodendrons<\/a><\/h4>\t\t\t\t<\/div>\n\t\t\t\t<\/div>\n\t\t\t\t<div class=\"elementor-element elementor-element-ef4cf36 elementor-widget elementor-widget-image\" data-id=\"ef4cf36\" data-element_type=\"widget\" data-widget_type=\"image.default\">\n\t\t\t\t<div class=\"elementor-widget-container\">\n\t\t\t\t\t\t\t\t\t\t\t\t\t\t\t\t<a href=\"https:\/\/jardinisimo.com.pa\/categoria-producto\/filodendron\/\" target=\"_blank\">\n\t\t\t\t\t\t\t<img decoding=\"async\" src=\"https:\/\/greenlab-biotechnology.com\/wp-content\/uploads\/elementor\/thumbs\/DSF7749-scaled-r437tpy49dgd7ti2oh0mhgry30be5dy07foz0xi6b4.jpg\" title=\"_DSF7749\" alt=\"_DSF7749\" loading=\"lazy\" \/>\t\t\t\t\t\t\t\t<\/a>\n\t\t\t\t\t\t\t\t\t\t\t\t\t\t\t<\/div>\n\t\t\t\t<\/div>\n\t\t\t\t<div class=\"elementor-element elementor-element-a0c6af0 elementor-align-justify elementor-widget elementor-widget-button\" data-id=\"a0c6af0\" data-element_type=\"widget\" data-widget_type=\"button.default\">\n\t\t\t\t<div class=\"elementor-widget-container\">\n\t\t\t\t\t\t\t\t\t<div class=\"elementor-button-wrapper\">\n\t\t\t\t\t<a class=\"elementor-button elementor-button-link elementor-size-sm\" href=\"https:\/\/jardinisimo.com.pa\/categoria-producto\/filodendron\/\" target=\"_blank\">\n\t\t\t\t\t\t<span class=\"elementor-button-content-wrapper\">\n\t\t\t\t\t\t<span class=\"elementor-button-icon\">\n\t\t\t\t<i aria-hidden=\"true\" class=\"lnr lnr-chevron-right\"><\/i>\t\t\t<\/span>\n\t\t\t\t\t\t\t\t\t<span class=\"elementor-button-text\">Liste<\/span>\n\t\t\t\t\t<\/span>\n\t\t\t\t\t<\/a>\n\t\t\t\t<\/div>\n\t\t\t\t\t\t\t\t<\/div>\n\t\t\t\t<\/div>\n\t\t\t\t<\/div>\n\t\t\t\t<\/div>\n\t\t<div class=\"elementor-element elementor-element-74e2090 e-con-full e-flex e-con e-child\" data-id=\"74e2090\" data-element_type=\"container\">\n\t\t<div class=\"elementor-element elementor-element-219990a e-con-full e-flex e-con e-child\" data-id=\"219990a\" data-element_type=\"container\" data-aos=\"fade-up\" data-aos-delay=\"200\" data-aos-mirror=\"true\">\n\t\t\t\t<div class=\"elementor-element elementor-element-db3cab1 elementor-widget elementor-widget-heading\" data-id=\"db3cab1\" data-element_type=\"widget\" data-widget_type=\"heading.default\">\n\t\t\t\t<div class=\"elementor-widget-container\">\n\t\t\t\t\t<h4 class=\"elementor-heading-title elementor-size-default\"><a href=\"https:\/\/jardinisimo.com.pa\/categoria-producto\/alocasia-zebrina\/\" target=\"_blank\">Alocasias<\/a><\/h4>\t\t\t\t<\/div>\n\t\t\t\t<\/div>\n\t\t\t\t<div class=\"elementor-element elementor-element-d210a25 elementor-widget elementor-widget-image\" data-id=\"d210a25\" data-element_type=\"widget\" data-widget_type=\"image.default\">\n\t\t\t\t<div class=\"elementor-widget-container\">\n\t\t\t\t\t\t\t\t\t\t\t\t\t\t\t\t<a href=\"https:\/\/jardinisimo.com.pa\/categoria-producto\/alocasia-zebrina\/\" target=\"_blank\">\n\t\t\t\t\t\t\t<img decoding=\"async\" src=\"https:\/\/greenlab-biotechnology.com\/wp-content\/uploads\/elementor\/thumbs\/FS29_1100x-1-1-r2n26c3nqogvsfki8zukxxbx6hd2xmybdcfahhusmo.webp\" title=\"FS29_1100x-1 (1)\" alt=\"FS29_1100x-1 (1)\" loading=\"lazy\" \/>\t\t\t\t\t\t\t\t<\/a>\n\t\t\t\t\t\t\t\t\t\t\t\t\t\t\t<\/div>\n\t\t\t\t<\/div>\n\t\t\t\t<div class=\"elementor-element elementor-element-71945ef elementor-align-justify elementor-widget elementor-widget-button\" data-id=\"71945ef\" data-element_type=\"widget\" data-widget_type=\"button.default\">\n\t\t\t\t<div class=\"elementor-widget-container\">\n\t\t\t\t\t\t\t\t\t<div class=\"elementor-button-wrapper\">\n\t\t\t\t\t<a class=\"elementor-button elementor-button-link elementor-size-sm\" href=\"https:\/\/jardinisimo.com.pa\/categoria-producto\/alocasia-zebrina\/\" target=\"_blank\">\n\t\t\t\t\t\t<span class=\"elementor-button-content-wrapper\">\n\t\t\t\t\t\t<span class=\"elementor-button-icon\">\n\t\t\t\t<i aria-hidden=\"true\" class=\"lnr lnr-chevron-right\"><\/i>\t\t\t<\/span>\n\t\t\t\t\t\t\t\t\t<span class=\"elementor-button-text\">Liste<\/span>\n\t\t\t\t\t<\/span>\n\t\t\t\t\t<\/a>\n\t\t\t\t<\/div>\n\t\t\t\t\t\t\t\t<\/div>\n\t\t\t\t<\/div>\n\t\t\t\t<\/div>\n\t\t<div class=\"elementor-element elementor-element-d27cfa5 e-con-full e-flex e-con e-child\" data-id=\"d27cfa5\" data-element_type=\"container\">\n\t\t\t\t<\/div>\n\t\t<div class=\"elementor-element elementor-element-c1ad982 e-con-full e-flex e-con e-child\" data-id=\"c1ad982\" data-element_type=\"container\">\n\t\t\t\t<\/div>\n\t\t\t\t<\/div>\n\t\t\t\t\t<\/div>\n\t\t\t\t<\/div>\n\t\t<div class=\"elementor-element elementor-element-a19bee8 e-flex e-con-boxed e-con e-parent\" data-id=\"a19bee8\" data-element_type=\"container\" data-settings=\"{&quot;background_background&quot;:&quot;classic&quot;}\">\n\t\t\t\t\t<div class=\"e-con-inner\">\n\t\t<div class=\"elementor-element elementor-element-aaf3bf0 e-con-full e-flex e-con e-child\" data-id=\"aaf3bf0\" data-element_type=\"container\">\n\t\t\t\t<div class=\"elementor-element elementor-element-9724e5f elementor-widget elementor-widget-image\" data-id=\"9724e5f\" data-element_type=\"widget\" data-widget_type=\"image.default\">\n\t\t\t\t<div class=\"elementor-widget-container\">\n\t\t\t\t\t\t\t\t\t\t\t\t\t\t\t<img fetchpriority=\"high\" decoding=\"async\" width=\"600\" height=\"271\" src=\"https:\/\/greenlab-biotechnology.com\/wp-content\/uploads\/2025\/03\/jardinisimo-logo-home.png\" class=\"attachment-large size-large wp-image-1017\" alt=\"\" srcset=\"https:\/\/greenlab-biotechnology.com\/wp-content\/uploads\/2025\/03\/jardinisimo-logo-home.png 600w, https:\/\/greenlab-biotechnology.com\/wp-content\/uploads\/2025\/03\/jardinisimo-logo-home-300x136.png 300w\" sizes=\"(max-width: 600px) 100vw, 600px\" \/>\t\t\t\t\t\t\t\t\t\t\t\t\t\t\t<\/div>\n\t\t\t\t<\/div>\n\t\t\t\t<\/div>\n\t\t<div class=\"elementor-element elementor-element-3b5d222 e-con-full e-flex e-con e-child\" data-id=\"3b5d222\" data-element_type=\"container\">\n\t\t\t\t<div class=\"elementor-element elementor-element-8343e5f elementor-align-justify elementor-widget elementor-widget-button\" data-id=\"8343e5f\" data-element_type=\"widget\" data-widget_type=\"button.default\">\n\t\t\t\t<div class=\"elementor-widget-container\">\n\t\t\t\t\t\t\t\t\t<div class=\"elementor-button-wrapper\">\n\t\t\t\t\t<a class=\"elementor-button elementor-button-link elementor-size-sm\" href=\"http:\/\/jardinisimo.com.pa\/\" target=\"_blank\">\n\t\t\t\t\t\t<span class=\"elementor-button-content-wrapper\">\n\t\t\t\t\t\t<span class=\"elementor-button-icon\">\n\t\t\t\t<i aria-hidden=\"true\" class=\"lnr lnr-chevron-right\"><\/i>\t\t\t<\/span>\n\t\t\t\t\t\t\t\t\t<span class=\"elementor-button-text\">Visiter le site web<\/span>\n\t\t\t\t\t<\/span>\n\t\t\t\t\t<\/a>\n\t\t\t\t<\/div>\n\t\t\t\t\t\t\t\t<\/div>\n\t\t\t\t<\/div>\n\t\t\t\t<\/div>\n\t\t\t\t\t<\/div>\n\t\t\t\t<\/div>\n\t\t<div class=\"elementor-element elementor-element-64689c2 e-flex e-con-boxed e-con e-parent\" data-id=\"64689c2\" data-element_type=\"container\">\n\t\t\t\t\t<div class=\"e-con-inner\">\n\t\t<div class=\"elementor-element elementor-element-d61e6cb e-con-full e-flex e-con e-child\" data-id=\"d61e6cb\" data-element_type=\"container\">\n\t\t<div class=\"elementor-element elementor-element-a063f42 e-con-full e-flex e-con e-child\" data-id=\"a063f42\" data-element_type=\"container\">\n\t\t\t\t<div class=\"elementor-element elementor-element-e835133 elementor-widget elementor-widget-heading\" data-id=\"e835133\" data-element_type=\"widget\" data-aos=\"fade-right\" data-aos-delay=\"200\" data-aos-mirror=\"true\" data-widget_type=\"heading.default\">\n\t\t\t\t<div class=\"elementor-widget-container\">\n\t\t\t\t\t<h2 class=\"elementor-heading-title elementor-size-default\">Notre satisfaction : <br>Vous proposer une grande diversit\u00e9 de plantes<\/h2>\t\t\t\t<\/div>\n\t\t\t\t<\/div>\n\t\t\t\t<div class=\"elementor-element elementor-element-44c20e1 elementor-widget__width-initial elementor-widget elementor-widget-text-editor\" data-id=\"44c20e1\" data-element_type=\"widget\" data-settings=\"{&quot;_animation&quot;:&quot;none&quot;}\" data-aos=\"fade-up\" data-aos-delay=\"200\" data-aos-mirror=\"true\" data-widget_type=\"text-editor.default\">\n\t\t\t\t<div class=\"elementor-widget-container\">\n\t\t\t\t\t\t\t\t\t<p><strong>GreenLab Biotechnology<\/strong>\u00a0lance sa nouvelle marque,\u00a0<strong>Jardin\u00edsimo\u2122<\/strong>, au d\u00e9but de l'ann\u00e9e\u00a0<strong>2023<\/strong>.<\/p><p>L'objectif est simple : utiliser la\u00a0<strong>micropropagation in vitro<\/strong>une technique avanc\u00e9e actuellement exclusive \u00e0 GreenLab dans le pays, pour reproduire et offrir des produits de qualit\u00e9.\u00a0<strong>Les plantes nouvelles, originales et peu communes<\/strong>\u00a0tout au long de l'ann\u00e9e au\u00a0<strong>Panama<\/strong>.<\/p><p><strong>Apprenez \u00e0 nous conna\u00eetre : avec notre pot personnalis\u00e9.<\/strong><\/p>\t\t\t\t\t\t\t\t<\/div>\n\t\t\t\t<\/div>\n\t\t\t\t<\/div>\n\t\t<div class=\"elementor-element elementor-element-dc1f64e e-con-full e-flex e-con e-child\" data-id=\"dc1f64e\" data-element_type=\"container\">\n\t\t\t\t<div class=\"elementor-element elementor-element-f4de80d tu-clase-de-elemento elementor-widget elementor-widget-image\" data-id=\"f4de80d\" data-element_type=\"widget\" data-aos=\"fade-left\" data-aos-delay=\"200\" data-aos-mirror=\"true\" data-widget_type=\"image.default\">\n\t\t\t\t<div class=\"elementor-widget-container\">\n\t\t\t\t\t\t\t\t\t\t\t\t\t\t\t<img decoding=\"async\" width=\"2560\" height=\"2560\" src=\"https:\/\/greenlab-biotechnology.com\/wp-content\/uploads\/2025\/02\/young-lady-holding-flower-greenery-store-shopping-plants-her-backyard-looking-camera-smiling-scaled.jpg\" class=\"attachment-full size-full wp-image-685\" alt=\"\" srcset=\"https:\/\/greenlab-biotechnology.com\/wp-content\/uploads\/2025\/02\/young-lady-holding-flower-greenery-store-shopping-plants-her-backyard-looking-camera-smiling-scaled.jpg 2560w, https:\/\/greenlab-biotechnology.com\/wp-content\/uploads\/2025\/02\/young-lady-holding-flower-greenery-store-shopping-plants-her-backyard-looking-camera-smiling-300x300.jpg 300w, https:\/\/greenlab-biotechnology.com\/wp-content\/uploads\/2025\/02\/young-lady-holding-flower-greenery-store-shopping-plants-her-backyard-looking-camera-smiling-1024x1024.jpg 1024w, https:\/\/greenlab-biotechnology.com\/wp-content\/uploads\/2025\/02\/young-lady-holding-flower-greenery-store-shopping-plants-her-backyard-looking-camera-smiling-150x150.jpg 150w, https:\/\/greenlab-biotechnology.com\/wp-content\/uploads\/2025\/02\/young-lady-holding-flower-greenery-store-shopping-plants-her-backyard-looking-camera-smiling-768x768.jpg 768w, https:\/\/greenlab-biotechnology.com\/wp-content\/uploads\/2025\/02\/young-lady-holding-flower-greenery-store-shopping-plants-her-backyard-looking-camera-smiling-1536x1536.jpg 1536w, https:\/\/greenlab-biotechnology.com\/wp-content\/uploads\/2025\/02\/young-lady-holding-flower-greenery-store-shopping-plants-her-backyard-looking-camera-smiling-2048x2048.jpg 2048w\" sizes=\"(max-width: 2560px) 100vw, 2560px\" \/>\t\t\t\t\t\t\t\t\t\t\t\t\t\t\t<\/div>\n\t\t\t\t<\/div>\n\t\t\t\t<\/div>\n\t\t\t\t<\/div>\n\t\t\t\t\t<\/div>\n\t\t\t\t<\/div>\n\t\t<div class=\"elementor-element elementor-element-55a8b31 e-flex e-con-boxed e-con e-parent\" data-id=\"55a8b31\" data-element_type=\"container\">\n\t\t\t\t\t<div class=\"e-con-inner\">\n\t\t\t\t<div class=\"elementor-element elementor-element-aad6480 elementor-widget elementor-widget-heading\" data-id=\"aad6480\" data-element_type=\"widget\" data-aos=\"fade-right\" data-aos-delay=\"200\" data-aos-mirror=\"true\" data-widget_type=\"heading.default\">\n\t\t\t\t<div class=\"elementor-widget-container\">\n\t\t\t\t\t<h2 class=\"elementor-heading-title elementor-size-default\">OU NOUS TROUVER<\/h2>\t\t\t\t<\/div>\n\t\t\t\t<\/div>\n\t\t\t\t<div class=\"elementor-element elementor-element-587147f elementor-arrows-position-inside elementor-pagination-position-outside elementor-widget elementor-widget-image-carousel\" data-id=\"587147f\" data-element_type=\"widget\" data-settings=\"{&quot;navigation&quot;:&quot;both&quot;,&quot;autoplay&quot;:&quot;yes&quot;,&quot;pause_on_hover&quot;:&quot;yes&quot;,&quot;pause_on_interaction&quot;:&quot;yes&quot;,&quot;autoplay_speed&quot;:5000,&quot;infinite&quot;:&quot;yes&quot;,&quot;speed&quot;:500}\" data-widget_type=\"image-carousel.default\">\n\t\t\t\t<div class=\"elementor-widget-container\">\n\t\t\t\t\t\t\t<div class=\"elementor-image-carousel-wrapper swiper\" role=\"region\" aria-roledescription=\"carousel\" aria-label=\"Carrousel d&#039;images\" dir=\"ltr\">\n\t\t\t<div class=\"elementor-image-carousel swiper-wrapper\" aria-live=\"off\">\n\t\t\t\t\t\t\t\t<div class=\"swiper-slide\" role=\"group\" aria-roledescription=\"slide\" aria-label=\"1 de 4\"><figure class=\"swiper-slide-inner\"><img decoding=\"async\" class=\"swiper-slide-image\" src=\"https:\/\/greenlab-biotechnology.com\/wp-content\/uploads\/2025\/03\/2-150x150.png\" alt=\"2\" \/><\/figure><\/div><div class=\"swiper-slide\" role=\"group\" aria-roledescription=\"slide\" aria-label=\"2 de 4\"><figure class=\"swiper-slide-inner\"><img decoding=\"async\" class=\"swiper-slide-image\" src=\"https:\/\/greenlab-biotechnology.com\/wp-content\/uploads\/2025\/04\/Diseno-sin-titulo-14-150x150.png\" alt=\"Dise\u00f1o sin t\u00edtulo (14)\" \/><\/figure><\/div><div class=\"swiper-slide\" role=\"group\" aria-roledescription=\"slide\" aria-label=\"3 de 4\"><figure class=\"swiper-slide-inner\"><img decoding=\"async\" class=\"swiper-slide-image\" src=\"https:\/\/greenlab-biotechnology.com\/wp-content\/uploads\/2025\/03\/3-150x150.png\" alt=\"3\" \/><\/figure><\/div><div class=\"swiper-slide\" role=\"group\" aria-roledescription=\"slide\" aria-label=\"4 de 4\"><figure class=\"swiper-slide-inner\"><img decoding=\"async\" class=\"swiper-slide-image\" src=\"https:\/\/greenlab-biotechnology.com\/wp-content\/uploads\/2025\/03\/1-150x150.png\" alt=\"1\" \/><\/figure><\/div>\t\t\t<\/div>\n\t\t\t\t\t\t\t\t\t\t\t\t<div class=\"elementor-swiper-button elementor-swiper-button-prev\" role=\"button\" tabindex=\"0\">\n\t\t\t\t\t\t<svg aria-hidden=\"true\" class=\"e-font-icon-svg e-eicon-chevron-left\" viewbox=\"0 0 1000 1000\" xmlns=\"http:\/\/www.w3.org\/2000\/svg\"><path d=\"M646 125C629 125 613 133 604 142L308 442C296 454 292 471 292 487 292 504 296 521 308 533L604 854C617 867 629 875 646 875 663 875 679 871 692 858 704 846 713 829 713 812 713 796 708 779 692 767L438 487 692 225C700 217 708 204 708 187 708 171 704 154 692 142 675 129 663 125 646 125Z\"><\/path><\/svg>\t\t\t\t\t<\/div>\n\t\t\t\t\t<div class=\"elementor-swiper-button elementor-swiper-button-next\" role=\"button\" tabindex=\"0\">\n\t\t\t\t\t\t<svg aria-hidden=\"true\" class=\"e-font-icon-svg e-eicon-chevron-right\" viewbox=\"0 0 1000 1000\" xmlns=\"http:\/\/www.w3.org\/2000\/svg\"><path d=\"M696 533C708 521 713 504 713 487 713 471 708 454 696 446L400 146C388 133 375 125 354 125 338 125 325 129 313 142 300 154 292 171 292 187 292 204 296 221 308 233L563 492 304 771C292 783 288 800 288 817 288 833 296 850 308 863 321 871 338 875 354 875 371 875 388 867 400 854L696 533Z\"><\/path><\/svg>\t\t\t\t\t<\/div>\n\t\t\t\t\n\t\t\t\t\t\t\t\t\t<div class=\"swiper-pagination\"><\/div>\n\t\t\t\t\t\t\t\t\t<\/div>\n\t\t\t\t\t\t<\/div>\n\t\t\t\t<\/div>\n\t\t\t\t\t<\/div>\n\t\t\t\t<\/div>\n\t\t\t\t<\/div>","protected":false},"excerpt":{"rendered":"<p>FIND THE BEST PLANTS FOR YOUR GARDEN.All our products are of the highest quality and are carefully grown in vitro. Anthuriums List Calatheas List Philodendrons List Alocasias List Visit website Our satisfaction: offering you different plants GreenLab Biotechnology\u00a0is launching its new brand,\u00a0Jardin\u00edsimo\u2122, at the beginning of\u00a02023. The goal is straightforward: to utilize\u00a0in vitro micropropagation, an [&hellip;]<\/p>","protected":false},"author":2,"featured_media":0,"parent":0,"menu_order":0,"comment_status":"closed","ping_status":"closed","template":"","meta":{"footnotes":""},"class_list":["post-1014","page","type-page","status-publish","hentry"],"_links":{"self":[{"href":"https:\/\/greenlab-biotechnology.com\/fr\/wp-json\/wp\/v2\/pages\/1014","targetHints":{"allow":["GET"]}}],"collection":[{"href":"https:\/\/greenlab-biotechnology.com\/fr\/wp-json\/wp\/v2\/pages"}],"about":[{"href":"https:\/\/greenlab-biotechnology.com\/fr\/wp-json\/wp\/v2\/types\/page"}],"author":[{"embeddable":true,"href":"https:\/\/greenlab-biotechnology.com\/fr\/wp-json\/wp\/v2\/users\/2"}],"replies":[{"embeddable":true,"href":"https:\/\/greenlab-biotechnology.com\/fr\/wp-json\/wp\/v2\/comments?post=1014"}],"version-history":[{"count":10,"href":"https:\/\/greenlab-biotechnology.com\/fr\/wp-json\/wp\/v2\/pages\/1014\/revisions"}],"predecessor-version":[{"id":1121,"href":"https:\/\/greenlab-biotechnology.com\/fr\/wp-json\/wp\/v2\/pages\/1014\/revisions\/1121"}],"wp:attachment":[{"href":"https:\/\/greenlab-biotechnology.com\/fr\/wp-json\/wp\/v2\/media?parent=1014"}],"curies":[{"name":"wp","href":"https:\/\/api.w.org\/{rel}","templated":true}]}}