{"id":747,"date":"2025-02-04T00:06:57","date_gmt":"2025-02-04T05:06:57","guid":{"rendered":"https:\/\/greenlab.webconnecting.co\/?page_id=747"},"modified":"2025-02-04T00:13:32","modified_gmt":"2025-02-04T05:13:32","slug":"unique-genetics-crops","status":"publish","type":"page","link":"https:\/\/greenlab-biotechnology.com\/es\/unique-genetics-crops\/","title":{"rendered":"Cultivos de gen\u00e9tica \u00fanica"},"content":{"rendered":"<div data-elementor-type=\"wp-page\" data-elementor-id=\"747\" class=\"elementor elementor-747\" data-elementor-post-type=\"page\">\n\t\t\t\t<div class=\"elementor-element elementor-element-62ab72d e-flex e-con-boxed e-con e-parent\" data-id=\"62ab72d\" data-element_type=\"container\" data-settings=\"{&quot;background_background&quot;:&quot;classic&quot;,&quot;shape_divider_bottom&quot;:&quot;waves&quot;}\">\n\t\t\t\t\t<div class=\"e-con-inner\">\n\t\t\t\t<div class=\"elementor-shape elementor-shape-bottom\" aria-hidden=\"true\" data-negative=\"false\">\n\t\t\t<svg xmlns=\"http:\/\/www.w3.org\/2000\/svg\" viewbox=\"0 0 1000 100\" preserveaspectratio=\"none\">\n\t<path class=\"elementor-shape-fill\" d=\"M421.9,6.5c22.6-2.5,51.5,0.4,75.5,5.3c23.6,4.9,70.9,23.5,100.5,35.7c75.8,32.2,133.7,44.5,192.6,49.7\tc23.6,2.1,48.7,3.5,103.4-2.5c54.7-6,106.2-25.6,106.2-25.6V0H0v30.3c0,0,72,32.6,158.4,30.5c39.2-0.7,92.8-6.7,134-22.4\tc21.2-8.1,52.2-18.2,79.7-24.2C399.3,7.9,411.6,7.5,421.9,6.5z\"\/>\n<\/svg>\t\t<\/div>\n\t\t\t\t<div class=\"elementor-element elementor-element-e89b0ae elementor-widget elementor-widget-heading\" data-id=\"e89b0ae\" data-element_type=\"widget\" data-widget_type=\"heading.default\">\n\t\t\t\t<div class=\"elementor-widget-container\">\n\t\t\t\t\t<h1 class=\"elementor-heading-title elementor-size-default\">Cultivos de gen\u00e9tica \u00fanica<\/h1>\t\t\t\t<\/div>\n\t\t\t\t<\/div>\n\t\t\t\t\t<\/div>\n\t\t\t\t<\/div>\n\t\t<div class=\"elementor-element elementor-element-22fa88a e-flex e-con-boxed e-con e-parent\" data-id=\"22fa88a\" data-element_type=\"container\">\n\t\t\t\t\t<div class=\"e-con-inner\">\n\t\t\t\t<div class=\"elementor-element elementor-element-4a17d8d elementor-widget elementor-widget-heading\" data-id=\"4a17d8d\" data-element_type=\"widget\" data-widget_type=\"heading.default\">\n\t\t\t\t<div class=\"elementor-widget-container\">\n\t\t\t\t\t<h3 class=\"elementor-heading-title elementor-size-default\">Soluciones a medida para sus necesidades agr\u00edcolas<\/h3>\t\t\t\t<\/div>\n\t\t\t\t<\/div>\n\t\t\t\t<div class=\"elementor-element elementor-element-7f6e1eb elementor-widget elementor-widget-text-editor\" data-id=\"7f6e1eb\" data-element_type=\"widget\" data-widget_type=\"text-editor.default\">\n\t\t\t\t<div class=\"elementor-widget-container\">\n\t\t\t\t\t\t\t\t\t<p>En GreenLab ofrecemos soluciones a medida para <strong>cultivos espec\u00edficos<\/strong> que se ajusten a sus objetivos agr\u00edcolas. Nuestros servicios van m\u00e1s all\u00e1 de la producci\u00f3n vegetal est\u00e1ndar: ofrecemos <strong>conservaci\u00f3n y multiplicaci\u00f3n gen\u00e9tica<\/strong> de cultivos, garantizando que sus recursos gen\u00e9ticos \u00fanicos est\u00e9n protegidos y puedan ampliarse cuando sea necesario.<\/p>\t\t\t\t\t\t\t\t<\/div>\n\t\t\t\t<\/div>\n\t\t\t\t\t<\/div>\n\t\t\t\t<\/div>\n\t\t<div class=\"elementor-element elementor-element-b34308e e-flex e-con-boxed e-con e-parent\" data-id=\"b34308e\" data-element_type=\"container\">\n\t\t\t\t\t<div class=\"e-con-inner\">\n\t\t<div class=\"elementor-element elementor-element-bbfb561 e-con-full e-flex e-con e-child\" data-id=\"bbfb561\" data-element_type=\"container\">\n\t\t<div class=\"elementor-element elementor-element-2f4a079 e-con-full e-flex e-con e-child\" data-id=\"2f4a079\" data-element_type=\"container\">\n\t\t\t\t<div class=\"elementor-element elementor-element-f6cb76c elementor-widget elementor-widget-heading\" data-id=\"f6cb76c\" data-element_type=\"widget\" data-aos=\"fade-right\" data-aos-delay=\"200\" data-aos-mirror=\"true\" data-widget_type=\"heading.default\">\n\t\t\t\t<div class=\"elementor-widget-container\">\n\t\t\t\t\t<h2 class=\"elementor-heading-title elementor-size-default\">\u00bfQu\u00e9 son los cultivos espec\u00edficos?\n<\/h2>\t\t\t\t<\/div>\n\t\t\t\t<\/div>\n\t\t\t\t<div class=\"elementor-element elementor-element-d7967a1 elementor-widget__width-initial elementor-widget elementor-widget-text-editor\" data-id=\"d7967a1\" data-element_type=\"widget\" data-settings=\"{&quot;_animation&quot;:&quot;none&quot;}\" data-aos=\"fade-up\" data-aos-delay=\"200\" data-aos-mirror=\"true\" data-widget_type=\"text-editor.default\">\n\t\t\t\t<div class=\"elementor-widget-container\">\n\t\t\t\t\t\t\t\t\t<p>Los cultivos espec\u00edficos se refieren a cualquier planta que sea de especial inter\u00e9s para usted como agricultor o productor. Estos cultivos pueden tener caracter\u00edsticas \u00fanicas que usted haya desarrollado o identificado, como un mayor rendimiento, resistencia a las enfermedades o una mejor calidad. Tambi\u00e9n pueden ser variedades raras o especializadas que desee conservar y propagar a escala.<\/p>\t\t\t\t\t\t\t\t<\/div>\n\t\t\t\t<\/div>\n\t\t\t\t<\/div>\n\t\t<div class=\"elementor-element elementor-element-3f3cbed e-con-full e-flex e-con e-child\" data-id=\"3f3cbed\" data-element_type=\"container\">\n\t\t\t\t<div class=\"elementor-element elementor-element-d7594cd tu-clase-de-elemento elementor-widget elementor-widget-image\" data-id=\"d7594cd\" data-element_type=\"widget\" data-aos=\"fade-left\" data-aos-delay=\"200\" data-aos-mirror=\"true\" data-widget_type=\"image.default\">\n\t\t\t\t<div class=\"elementor-widget-container\">\n\t\t\t\t\t\t\t\t\t\t\t\t\t\t\t<img fetchpriority=\"high\" decoding=\"async\" width=\"1600\" height=\"1200\" src=\"https:\/\/greenlab-biotechnology.com\/wp-content\/uploads\/2025\/02\/WhatsApp-Image-2025-02-03-at-6.13.04-PM.jpeg\" class=\"attachment-full size-full wp-image-750\" alt=\"\" srcset=\"https:\/\/greenlab-biotechnology.com\/wp-content\/uploads\/2025\/02\/WhatsApp-Image-2025-02-03-at-6.13.04-PM.jpeg 1600w, https:\/\/greenlab-biotechnology.com\/wp-content\/uploads\/2025\/02\/WhatsApp-Image-2025-02-03-at-6.13.04-PM-300x225.jpeg 300w, https:\/\/greenlab-biotechnology.com\/wp-content\/uploads\/2025\/02\/WhatsApp-Image-2025-02-03-at-6.13.04-PM-1024x768.jpeg 1024w, https:\/\/greenlab-biotechnology.com\/wp-content\/uploads\/2025\/02\/WhatsApp-Image-2025-02-03-at-6.13.04-PM-768x576.jpeg 768w, https:\/\/greenlab-biotechnology.com\/wp-content\/uploads\/2025\/02\/WhatsApp-Image-2025-02-03-at-6.13.04-PM-1536x1152.jpeg 1536w\" sizes=\"(max-width: 1600px) 100vw, 1600px\" \/>\t\t\t\t\t\t\t\t\t\t\t\t\t\t\t<\/div>\n\t\t\t\t<\/div>\n\t\t\t\t<\/div>\n\t\t\t\t<\/div>\n\t\t\t\t\t<\/div>\n\t\t\t\t<\/div>\n\t\t<div class=\"elementor-element elementor-element-fbd8fa8 e-flex e-con-boxed e-con e-parent\" data-id=\"fbd8fa8\" data-element_type=\"container\">\n\t\t\t\t\t<div class=\"e-con-inner\">\n\t\t<div class=\"elementor-element elementor-element-68288e8 e-con-full e-flex e-con e-child\" data-id=\"68288e8\" data-element_type=\"container\">\n\t\t<div class=\"elementor-element elementor-element-166246a e-con-full e-flex e-con e-child\" data-id=\"166246a\" data-element_type=\"container\">\n\t\t\t\t<div class=\"elementor-element elementor-element-3b6141f tu-clase-de-elemento elementor-widget elementor-widget-image\" data-id=\"3b6141f\" data-element_type=\"widget\" data-aos=\"fade-lright\" data-aos-delay=\"200\" data-aos-mirror=\"true\" data-widget_type=\"image.default\">\n\t\t\t\t<div class=\"elementor-widget-container\">\n\t\t\t\t\t\t\t\t\t\t\t\t\t\t\t<img decoding=\"async\" width=\"800\" height=\"600\" src=\"https:\/\/greenlab-biotechnology.com\/wp-content\/uploads\/2025\/02\/WhatsApp-Image-2025-02-03-at-6.12.29-PM-1024x768.jpeg\" class=\"attachment-large size-large wp-image-751\" alt=\"\" srcset=\"https:\/\/greenlab-biotechnology.com\/wp-content\/uploads\/2025\/02\/WhatsApp-Image-2025-02-03-at-6.12.29-PM-1024x768.jpeg 1024w, https:\/\/greenlab-biotechnology.com\/wp-content\/uploads\/2025\/02\/WhatsApp-Image-2025-02-03-at-6.12.29-PM-300x225.jpeg 300w, https:\/\/greenlab-biotechnology.com\/wp-content\/uploads\/2025\/02\/WhatsApp-Image-2025-02-03-at-6.12.29-PM-768x576.jpeg 768w, https:\/\/greenlab-biotechnology.com\/wp-content\/uploads\/2025\/02\/WhatsApp-Image-2025-02-03-at-6.12.29-PM-1536x1152.jpeg 1536w, https:\/\/greenlab-biotechnology.com\/wp-content\/uploads\/2025\/02\/WhatsApp-Image-2025-02-03-at-6.12.29-PM.jpeg 1600w\" sizes=\"(max-width: 800px) 100vw, 800px\" \/>\t\t\t\t\t\t\t\t\t\t\t\t\t\t\t<\/div>\n\t\t\t\t<\/div>\n\t\t\t\t<\/div>\n\t\t<div class=\"elementor-element elementor-element-d0753a8 e-con-full e-flex e-con e-child\" data-id=\"d0753a8\" data-element_type=\"container\">\n\t\t\t\t<div class=\"elementor-element elementor-element-602355b elementor-widget elementor-widget-heading\" data-id=\"602355b\" data-element_type=\"widget\" data-aos=\"fade-left\" data-aos-delay=\"200\" data-aos-mirror=\"true\" data-widget_type=\"heading.default\">\n\t\t\t\t<div class=\"elementor-widget-container\">\n\t\t\t\t\t<h2 class=\"elementor-heading-title elementor-size-default\">Duplicaci\u00f3n gen\u00e9tica\n<\/h2>\t\t\t\t<\/div>\n\t\t\t\t<\/div>\n\t\t\t\t<div class=\"elementor-element elementor-element-9615a64 elementor-widget__width-initial elementor-widget elementor-widget-text-editor\" data-id=\"9615a64\" data-element_type=\"widget\" data-settings=\"{&quot;_animation&quot;:&quot;none&quot;}\" data-aos=\"fade-up\" data-aos-delay=\"200\" data-aos-mirror=\"true\" data-widget_type=\"text-editor.default\">\n\t\t\t\t<div class=\"elementor-widget-container\">\n\t\t\t\t\t\t\t\t\t<p>Una opci\u00f3n que ofrecemos es la duplicaci\u00f3n de la gen\u00e9tica de sus cultivos. Si tiene una variedad o un rasgo particular que le gustar\u00eda reproducir, podemos tomar su gen\u00e9tica y reproducirla mediante nuestros procesos in vitro. Esto le permite aumentar la producci\u00f3n sin perder las caracter\u00edsticas \u00fanicas que hacen que sus cultivos sean valiosos.<\/p>\t\t\t\t\t\t\t\t<\/div>\n\t\t\t\t<\/div>\n\t\t\t\t<\/div>\n\t\t\t\t<\/div>\n\t\t\t\t\t<\/div>\n\t\t\t\t<\/div>\n\t\t<div class=\"elementor-element elementor-element-e1396fc e-flex e-con-boxed e-con e-parent\" data-id=\"e1396fc\" data-element_type=\"container\">\n\t\t\t\t\t<div class=\"e-con-inner\">\n\t\t<div class=\"elementor-element elementor-element-a45406d e-con-full e-flex e-con e-child\" data-id=\"a45406d\" data-element_type=\"container\">\n\t\t<div class=\"elementor-element elementor-element-19a596b e-con-full e-flex e-con e-child\" data-id=\"19a596b\" data-element_type=\"container\">\n\t\t\t\t<div class=\"elementor-element elementor-element-e84072a elementor-widget elementor-widget-heading\" data-id=\"e84072a\" data-element_type=\"widget\" data-aos=\"fade-right\" data-aos-delay=\"200\" data-aos-mirror=\"true\" data-widget_type=\"heading.default\">\n\t\t\t\t<div class=\"elementor-widget-container\">\n\t\t\t\t\t<h2 class=\"elementor-heading-title elementor-size-default\">Banco gen\u00e9tico - Proteger su valiosa gen\u00e9tica\n<\/h2>\t\t\t\t<\/div>\n\t\t\t\t<\/div>\n\t\t\t\t<div class=\"elementor-element elementor-element-70afc50 elementor-widget__width-initial elementor-widget elementor-widget-text-editor\" data-id=\"70afc50\" data-element_type=\"widget\" data-settings=\"{&quot;_animation&quot;:&quot;none&quot;}\" data-aos=\"fade-up\" data-aos-delay=\"200\" data-aos-mirror=\"true\" data-widget_type=\"text-editor.default\">\n\t\t\t\t<div class=\"elementor-widget-container\">\n\t\t\t\t\t\t\t\t\t<p>Alternativamente, podemos preservar su gen\u00e9tica en nuestras instalaciones, transformando GreenLab en un banco gen\u00e9tico seguro. Este servicio garantiza que su material gen\u00e9tico se almacena de forma segura, protegi\u00e9ndolo de amenazas externas como enfermedades, cambios clim\u00e1ticos u otros riesgos. El material gen\u00e9tico est\u00e1 disponible para que lo utilice siempre que lo necesite, ya sea para pruebas a peque\u00f1a escala o para producci\u00f3n a gran escala.<\/p><p>Este enfoque le permite beneficiarse tanto de la seguridad como de la flexibilidad. Puede estar seguro de que sus genes est\u00e1n a salvo en nuestras manos, con la tranquilidad de que podr\u00e1 recurrir a ellos siempre que los necesite para la producci\u00f3n en serie o para futuros desarrollos.<\/p>\t\t\t\t\t\t\t\t<\/div>\n\t\t\t\t<\/div>\n\t\t\t\t<\/div>\n\t\t<div class=\"elementor-element elementor-element-9edb960 e-con-full e-flex e-con e-child\" data-id=\"9edb960\" data-element_type=\"container\">\n\t\t\t\t<div class=\"elementor-element elementor-element-e776e61 tu-clase-de-elemento elementor-widget elementor-widget-image\" data-id=\"e776e61\" data-element_type=\"widget\" data-aos=\"fade-left\" data-aos-delay=\"200\" data-aos-mirror=\"true\" data-widget_type=\"image.default\">\n\t\t\t\t<div class=\"elementor-widget-container\">\n\t\t\t\t\t\t\t\t\t\t\t\t\t\t\t<img decoding=\"async\" width=\"1280\" height=\"960\" src=\"https:\/\/greenlab-biotechnology.com\/wp-content\/uploads\/2025\/02\/WhatsApp-Image-2025-02-03-at-5.31.08-PM.jpeg\" class=\"attachment-full size-full wp-image-752\" alt=\"\" srcset=\"https:\/\/greenlab-biotechnology.com\/wp-content\/uploads\/2025\/02\/WhatsApp-Image-2025-02-03-at-5.31.08-PM.jpeg 1280w, https:\/\/greenlab-biotechnology.com\/wp-content\/uploads\/2025\/02\/WhatsApp-Image-2025-02-03-at-5.31.08-PM-300x225.jpeg 300w, https:\/\/greenlab-biotechnology.com\/wp-content\/uploads\/2025\/02\/WhatsApp-Image-2025-02-03-at-5.31.08-PM-1024x768.jpeg 1024w, https:\/\/greenlab-biotechnology.com\/wp-content\/uploads\/2025\/02\/WhatsApp-Image-2025-02-03-at-5.31.08-PM-768x576.jpeg 768w\" sizes=\"(max-width: 1280px) 100vw, 1280px\" \/>\t\t\t\t\t\t\t\t\t\t\t\t\t\t\t<\/div>\n\t\t\t\t<\/div>\n\t\t\t\t<\/div>\n\t\t\t\t<\/div>\n\t\t\t\t\t<\/div>\n\t\t\t\t<\/div>\n\t\t<div class=\"elementor-element elementor-element-023a010 e-flex e-con-boxed e-con e-parent\" data-id=\"023a010\" data-element_type=\"container\">\n\t\t\t\t\t<div class=\"e-con-inner\">\n\t\t<div class=\"elementor-element elementor-element-7435586 e-con-full e-flex e-con e-child\" data-id=\"7435586\" data-element_type=\"container\">\n\t\t<div class=\"elementor-element elementor-element-2377dea e-con-full e-flex e-con e-child\" data-id=\"2377dea\" data-element_type=\"container\">\n\t\t\t\t<div class=\"elementor-element elementor-element-cd94361 tu-clase-de-elemento elementor-widget elementor-widget-image\" data-id=\"cd94361\" data-element_type=\"widget\" data-aos=\"fade-lright\" data-aos-delay=\"200\" data-aos-mirror=\"true\" data-widget_type=\"image.default\">\n\t\t\t\t<div class=\"elementor-widget-container\">\n\t\t\t\t\t\t\t\t\t\t\t\t\t\t\t<img loading=\"lazy\" decoding=\"async\" width=\"800\" height=\"600\" src=\"https:\/\/greenlab-biotechnology.com\/wp-content\/uploads\/2025\/02\/WhatsApp-Image-2025-02-03-at-5.30.36-PM-1024x768.jpeg\" class=\"attachment-large size-large wp-image-753\" alt=\"\" srcset=\"https:\/\/greenlab-biotechnology.com\/wp-content\/uploads\/2025\/02\/WhatsApp-Image-2025-02-03-at-5.30.36-PM-1024x768.jpeg 1024w, https:\/\/greenlab-biotechnology.com\/wp-content\/uploads\/2025\/02\/WhatsApp-Image-2025-02-03-at-5.30.36-PM-300x225.jpeg 300w, https:\/\/greenlab-biotechnology.com\/wp-content\/uploads\/2025\/02\/WhatsApp-Image-2025-02-03-at-5.30.36-PM-768x576.jpeg 768w, https:\/\/greenlab-biotechnology.com\/wp-content\/uploads\/2025\/02\/WhatsApp-Image-2025-02-03-at-5.30.36-PM.jpeg 1280w\" sizes=\"(max-width: 800px) 100vw, 800px\" \/>\t\t\t\t\t\t\t\t\t\t\t\t\t\t\t<\/div>\n\t\t\t\t<\/div>\n\t\t\t\t<\/div>\n\t\t<div class=\"elementor-element elementor-element-8372c45 e-con-full e-flex e-con e-child\" data-id=\"8372c45\" data-element_type=\"container\">\n\t\t\t\t<div class=\"elementor-element elementor-element-6a4ffe4 elementor-widget elementor-widget-heading\" data-id=\"6a4ffe4\" data-element_type=\"widget\" data-aos=\"fade-left\" data-aos-delay=\"200\" data-aos-mirror=\"true\" data-widget_type=\"heading.default\">\n\t\t\t\t<div class=\"elementor-widget-container\">\n\t\t\t\t\t<h2 class=\"elementor-heading-title elementor-size-default\">\u00bfPor qu\u00e9 elegir GreenLab para cultivos espec\u00edficos?\n<\/h2>\t\t\t\t<\/div>\n\t\t\t\t<\/div>\n\t\t\t\t<div class=\"elementor-element elementor-element-bb2636a elementor-widget__width-initial elementor-widget elementor-widget-text-editor\" data-id=\"bb2636a\" data-element_type=\"widget\" data-settings=\"{&quot;_animation&quot;:&quot;none&quot;}\" data-aos=\"fade-up\" data-aos-delay=\"200\" data-aos-mirror=\"true\" data-widget_type=\"text-editor.default\">\n\t\t\t\t<div class=\"elementor-widget-container\">\n\t\t\t\t\t\t\t\t\t<ul><li><b>Protecci\u00f3n de su propiedad intelectual<\/b><span style=\"font-weight: 400;\">: Con GreenLab como socio, su material gen\u00e9tico se mantiene confidencial y protegido. Ofrecemos almacenamiento y procesamiento seguros, garantizando que sus cultivos \u00fanicos sigan siendo suyos.<\/span><\/li><li><b>Escalabilidad<\/b><span style=\"font-weight: 400;\">: Tanto si necesita un peque\u00f1o lote para pruebas como una producci\u00f3n a gran escala, podemos ayudarle a multiplicar sus cultivos de forma eficiente y eficaz.<\/span><\/li><li><b>Seguridad y flexibilidad<\/b><span style=\"font-weight: 400;\">: Su gen\u00e9tica est\u00e1 salvaguardada en nuestro banco gen\u00e9tico y puede utilizarse en cualquier momento para satisfacer sus futuras necesidades de producci\u00f3n.<\/span><\/li><\/ul><p>\u00a0<\/p><p><span style=\"font-weight: 400;\">En GreenLab sabemos que sus cultivos son valiosos. Por eso ofrecemos el m\u00e1ximo nivel de cuidado y protecci\u00f3n, con la capacidad de aumentar la producci\u00f3n cuando est\u00e9 preparado. P\u00f3ngase en contacto con nosotros hoy mismo para <\/span><b>soluciones espec\u00edficas para cultivos<\/b><span style=\"font-weight: 400;\"> puede ayudarle a hacer crecer su negocio al tiempo que salvaguarda sus recursos m\u00e1s preciados.<\/span><\/p>\t\t\t\t\t\t\t\t<\/div>\n\t\t\t\t<\/div>\n\t\t\t\t<\/div>\n\t\t\t\t<\/div>\n\t\t\t\t\t<\/div>\n\t\t\t\t<\/div>\n\t\t\t\t<\/div>","protected":false},"excerpt":{"rendered":"<p>Tailored Solutions for Your Agricultural Needs At GreenLab, we offer tailored solutions for specific crops that align with your agricultural goals. Our services go beyond standard plant production: we provide genetic preservation and multiplication of crops, ensuring that your unique genetic resources are protected and can be scaled up when needed. What Are Specific Crops? [&hellip;]<\/p>","protected":false},"author":2,"featured_media":0,"parent":0,"menu_order":0,"comment_status":"closed","ping_status":"closed","template":"","meta":{"footnotes":""},"class_list":["post-747","page","type-page","status-publish","hentry"],"_links":{"self":[{"href":"https:\/\/greenlab-biotechnology.com\/es\/wp-json\/wp\/v2\/pages\/747","targetHints":{"allow":["GET"]}}],"collection":[{"href":"https:\/\/greenlab-biotechnology.com\/es\/wp-json\/wp\/v2\/pages"}],"about":[{"href":"https:\/\/greenlab-biotechnology.com\/es\/wp-json\/wp\/v2\/types\/page"}],"author":[{"embeddable":true,"href":"https:\/\/greenlab-biotechnology.com\/es\/wp-json\/wp\/v2\/users\/2"}],"replies":[{"embeddable":true,"href":"https:\/\/greenlab-biotechnology.com\/es\/wp-json\/wp\/v2\/comments?post=747"}],"version-history":[{"count":4,"href":"https:\/\/greenlab-biotechnology.com\/es\/wp-json\/wp\/v2\/pages\/747\/revisions"}],"predecessor-version":[{"id":756,"href":"https:\/\/greenlab-biotechnology.com\/es\/wp-json\/wp\/v2\/pages\/747\/revisions\/756"}],"wp:attachment":[{"href":"https:\/\/greenlab-biotechnology.com\/es\/wp-json\/wp\/v2\/media?parent=747"}],"curies":[{"name":"wp","href":"https:\/\/api.w.org\/{rel}","templated":true}]}}