{"id":585,"date":"2025-01-30T03:01:58","date_gmt":"2025-01-30T08:01:58","guid":{"rendered":"https:\/\/greenlab.webconnecting.co\/?page_id=585"},"modified":"2025-04-08T23:53:33","modified_gmt":"2025-04-09T04:53:33","slug":"berries","status":"publish","type":"page","link":"https:\/\/greenlab-biotechnology.com\/es\/berries\/","title":{"rendered":"FRUTOS ROJOS"},"content":{"rendered":"<div data-elementor-type=\"wp-page\" data-elementor-id=\"585\" class=\"elementor elementor-585\" data-elementor-post-type=\"page\">\n\t\t\t\t<div class=\"elementor-element elementor-element-953663b e-flex e-con-boxed e-con e-parent\" data-id=\"953663b\" data-element_type=\"container\" data-settings=\"{&quot;background_background&quot;:&quot;classic&quot;,&quot;shape_divider_bottom&quot;:&quot;waves&quot;}\">\n\t\t\t\t\t<div class=\"e-con-inner\">\n\t\t\t\t<div class=\"elementor-shape elementor-shape-bottom\" aria-hidden=\"true\" data-negative=\"false\">\n\t\t\t<svg xmlns=\"http:\/\/www.w3.org\/2000\/svg\" viewbox=\"0 0 1000 100\" preserveaspectratio=\"none\">\n\t<path class=\"elementor-shape-fill\" d=\"M421.9,6.5c22.6-2.5,51.5,0.4,75.5,5.3c23.6,4.9,70.9,23.5,100.5,35.7c75.8,32.2,133.7,44.5,192.6,49.7\tc23.6,2.1,48.7,3.5,103.4-2.5c54.7-6,106.2-25.6,106.2-25.6V0H0v30.3c0,0,72,32.6,158.4,30.5c39.2-0.7,92.8-6.7,134-22.4\tc21.2-8.1,52.2-18.2,79.7-24.2C399.3,7.9,411.6,7.5,421.9,6.5z\"\/>\n<\/svg>\t\t<\/div>\n\t\t\t\t<div class=\"elementor-element elementor-element-c16415d elementor-widget elementor-widget-heading\" data-id=\"c16415d\" data-element_type=\"widget\" data-widget_type=\"heading.default\">\n\t\t\t\t<div class=\"elementor-widget-container\">\n\t\t\t\t\t<h1 class=\"elementor-heading-title elementor-size-default\">FRUTOS ROJOS<\/h1>\t\t\t\t<\/div>\n\t\t\t\t<\/div>\n\t\t\t\t\t<\/div>\n\t\t\t\t<\/div>\n\t\t<div class=\"elementor-element elementor-element-be18bc5 e-flex e-con-boxed e-con e-parent\" data-id=\"be18bc5\" data-element_type=\"container\">\n\t\t\t\t\t<div class=\"e-con-inner\">\n\t\t\t\t<div class=\"elementor-element elementor-element-237bdae elementor-widget elementor-widget-text-editor\" data-id=\"237bdae\" data-element_type=\"widget\" data-widget_type=\"text-editor.default\">\n\t\t\t\t<div class=\"elementor-widget-container\">\n\t\t\t\t\t\t\t\t\t<p>Tambi\u00e9n ofrecemos una gama de peque\u00f1os frutos para mercados exigentes con alto valor a\u00f1adido. Estas plantas se seleccionan por su calidad, productividad y adaptabilidad a diversos climas.<\/p>\t\t\t\t\t\t\t\t<\/div>\n\t\t\t\t<\/div>\n\t\t<div class=\"elementor-element elementor-element-d1be5a9 e-con-full e-flex e-con e-child\" data-id=\"d1be5a9\" data-element_type=\"container\">\n\t\t<div class=\"elementor-element elementor-element-1f4341d e-con-full e-flex e-con e-child\" data-id=\"1f4341d\" data-element_type=\"container\" data-aos=\"fade-up\" data-aos-delay=\"200\" data-aos-mirror=\"true\">\n\t\t\t\t<div class=\"elementor-element elementor-element-844d509 elementor-widget elementor-widget-heading\" data-id=\"844d509\" data-element_type=\"widget\" data-widget_type=\"heading.default\">\n\t\t\t\t<div class=\"elementor-widget-container\">\n\t\t\t\t\t<h4 class=\"elementor-heading-title elementor-size-default\"><a href=\"https:\/\/greenlab-biotechnology.com\/es\/family\/blueberries\/\">Ar\u00e1ndanos<\/a><\/h4>\t\t\t\t<\/div>\n\t\t\t\t<\/div>\n\t\t\t\t<div class=\"elementor-element elementor-element-c08bd8b elementor-widget elementor-widget-image\" data-id=\"c08bd8b\" data-element_type=\"widget\" data-widget_type=\"image.default\">\n\t\t\t\t<div class=\"elementor-widget-container\">\n\t\t\t\t\t\t\t\t\t\t\t\t\t\t\t\t<a href=\"https:\/\/greenlab-biotechnology.com\/es\/family\/blueberries\/\">\n\t\t\t\t\t\t\t<img fetchpriority=\"high\" decoding=\"async\" width=\"750\" height=\"422\" src=\"https:\/\/greenlab-biotechnology.com\/wp-content\/uploads\/2025\/01\/biloxi-blueberry-1.jpg\" class=\"attachment-full size-full wp-image-587\" alt=\"\" srcset=\"https:\/\/greenlab-biotechnology.com\/wp-content\/uploads\/2025\/01\/biloxi-blueberry-1.jpg 750w, https:\/\/greenlab-biotechnology.com\/wp-content\/uploads\/2025\/01\/biloxi-blueberry-1-300x169.jpg 300w\" sizes=\"(max-width: 750px) 100vw, 750px\" \/>\t\t\t\t\t\t\t\t<\/a>\n\t\t\t\t\t\t\t\t\t\t\t\t\t\t\t<\/div>\n\t\t\t\t<\/div>\n\t\t\t\t<div class=\"elementor-element elementor-element-ac5aa5d elementor-align-justify elementor-widget elementor-widget-button\" data-id=\"ac5aa5d\" data-element_type=\"widget\" data-widget_type=\"button.default\">\n\t\t\t\t<div class=\"elementor-widget-container\">\n\t\t\t\t\t\t\t\t\t<div class=\"elementor-button-wrapper\">\n\t\t\t\t\t<a class=\"elementor-button elementor-button-link elementor-size-sm\" href=\"https:\/\/greenlab-biotechnology.com\/es\/family\/blueberries\/\">\n\t\t\t\t\t\t<span class=\"elementor-button-content-wrapper\">\n\t\t\t\t\t\t<span class=\"elementor-button-icon\">\n\t\t\t\t<i aria-hidden=\"true\" class=\"lnr lnr-chevron-right\"><\/i>\t\t\t<\/span>\n\t\t\t\t\t\t\t\t\t<span class=\"elementor-button-text\">Lista<\/span>\n\t\t\t\t\t<\/span>\n\t\t\t\t\t<\/a>\n\t\t\t\t<\/div>\n\t\t\t\t\t\t\t\t<\/div>\n\t\t\t\t<\/div>\n\t\t\t\t<\/div>\n\t\t<div class=\"elementor-element elementor-element-ecb89d0 e-con-full e-flex e-con e-child\" data-id=\"ecb89d0\" data-element_type=\"container\" data-aos=\"fade-up\" data-aos-delay=\"200\" data-aos-mirror=\"true\">\n\t\t\t\t<div class=\"elementor-element elementor-element-668b744 elementor-widget elementor-widget-heading\" data-id=\"668b744\" data-element_type=\"widget\" data-widget_type=\"heading.default\">\n\t\t\t\t<div class=\"elementor-widget-container\">\n\t\t\t\t\t<h4 class=\"elementor-heading-title elementor-size-default\"><a href=\"https:\/\/greenlab-biotechnology.com\/es\/family\/blackberries\/\">Moras<\/a><\/h4>\t\t\t\t<\/div>\n\t\t\t\t<\/div>\n\t\t\t\t<div class=\"elementor-element elementor-element-1f51eb2 elementor-widget elementor-widget-image\" data-id=\"1f51eb2\" data-element_type=\"widget\" data-widget_type=\"image.default\">\n\t\t\t\t<div class=\"elementor-widget-container\">\n\t\t\t\t\t\t\t\t\t\t\t\t\t\t\t\t<a href=\"https:\/\/greenlab-biotechnology.com\/es\/family\/blackberries\/\">\n\t\t\t\t\t\t\t<img decoding=\"async\" width=\"800\" height=\"450\" src=\"https:\/\/greenlab-biotechnology.com\/wp-content\/uploads\/2025\/01\/Zarzamora-scaled-1-1024x576.jpg\" class=\"attachment-large size-large wp-image-746\" alt=\"\" srcset=\"https:\/\/greenlab-biotechnology.com\/wp-content\/uploads\/2025\/01\/Zarzamora-scaled-1-1024x576.jpg 1024w, https:\/\/greenlab-biotechnology.com\/wp-content\/uploads\/2025\/01\/Zarzamora-scaled-1-300x169.jpg 300w, https:\/\/greenlab-biotechnology.com\/wp-content\/uploads\/2025\/01\/Zarzamora-scaled-1-768x432.jpg 768w, https:\/\/greenlab-biotechnology.com\/wp-content\/uploads\/2025\/01\/Zarzamora-scaled-1-1536x864.jpg 1536w, https:\/\/greenlab-biotechnology.com\/wp-content\/uploads\/2025\/01\/Zarzamora-scaled-1-2048x1152.jpg 2048w\" sizes=\"(max-width: 800px) 100vw, 800px\" \/>\t\t\t\t\t\t\t\t<\/a>\n\t\t\t\t\t\t\t\t\t\t\t\t\t\t\t<\/div>\n\t\t\t\t<\/div>\n\t\t\t\t<div class=\"elementor-element elementor-element-4797567 elementor-align-justify elementor-widget elementor-widget-button\" data-id=\"4797567\" data-element_type=\"widget\" data-widget_type=\"button.default\">\n\t\t\t\t<div class=\"elementor-widget-container\">\n\t\t\t\t\t\t\t\t\t<div class=\"elementor-button-wrapper\">\n\t\t\t\t\t<a class=\"elementor-button elementor-button-link elementor-size-sm\" href=\"https:\/\/greenlab-biotechnology.com\/es\/family\/blackberries\/\">\n\t\t\t\t\t\t<span class=\"elementor-button-content-wrapper\">\n\t\t\t\t\t\t<span class=\"elementor-button-icon\">\n\t\t\t\t<i aria-hidden=\"true\" class=\"lnr lnr-chevron-right\"><\/i>\t\t\t<\/span>\n\t\t\t\t\t\t\t\t\t<span class=\"elementor-button-text\">Lista<\/span>\n\t\t\t\t\t<\/span>\n\t\t\t\t\t<\/a>\n\t\t\t\t<\/div>\n\t\t\t\t\t\t\t\t<\/div>\n\t\t\t\t<\/div>\n\t\t\t\t<\/div>\n\t\t<div class=\"elementor-element elementor-element-1cce493 e-con-full e-flex e-con e-child\" data-id=\"1cce493\" data-element_type=\"container\" data-aos=\"fade-up\" data-aos-delay=\"200\" data-aos-mirror=\"true\">\n\t\t\t\t<div class=\"elementor-element elementor-element-f9b3eac elementor-widget elementor-widget-heading\" data-id=\"f9b3eac\" data-element_type=\"widget\" data-widget_type=\"heading.default\">\n\t\t\t\t<div class=\"elementor-widget-container\">\n\t\t\t\t\t<h4 class=\"elementor-heading-title elementor-size-default\"><a href=\"https:\/\/greenlab-biotechnology.com\/es\/family\/raspberries\/\">Frambuesas<\/a><\/h4>\t\t\t\t<\/div>\n\t\t\t\t<\/div>\n\t\t\t\t<div class=\"elementor-element elementor-element-da933e7 elementor-widget elementor-widget-image\" data-id=\"da933e7\" data-element_type=\"widget\" data-widget_type=\"image.default\">\n\t\t\t\t<div class=\"elementor-widget-container\">\n\t\t\t\t\t\t\t\t\t\t\t\t\t\t\t\t<a href=\"https:\/\/greenlab-biotechnology.com\/es\/family\/raspberries\/\">\n\t\t\t\t\t\t\t<img decoding=\"async\" width=\"800\" height=\"450\" src=\"https:\/\/greenlab-biotechnology.com\/wp-content\/uploads\/2025\/04\/Frambuesa-Ruby-r10c1ihef20waan7ut5nxdowl1mter2o2tbaocujhs-1024x576.jpeg\" class=\"attachment-large size-large wp-image-1147\" alt=\"\" srcset=\"https:\/\/greenlab-biotechnology.com\/wp-content\/uploads\/2025\/04\/Frambuesa-Ruby-r10c1ihef20waan7ut5nxdowl1mter2o2tbaocujhs-1024x576.jpeg 1024w, https:\/\/greenlab-biotechnology.com\/wp-content\/uploads\/2025\/04\/Frambuesa-Ruby-r10c1ihef20waan7ut5nxdowl1mter2o2tbaocujhs-300x169.jpeg 300w, https:\/\/greenlab-biotechnology.com\/wp-content\/uploads\/2025\/04\/Frambuesa-Ruby-r10c1ihef20waan7ut5nxdowl1mter2o2tbaocujhs-768x432.jpeg 768w, https:\/\/greenlab-biotechnology.com\/wp-content\/uploads\/2025\/04\/Frambuesa-Ruby-r10c1ihef20waan7ut5nxdowl1mter2o2tbaocujhs-1536x864.jpeg 1536w, https:\/\/greenlab-biotechnology.com\/wp-content\/uploads\/2025\/04\/Frambuesa-Ruby-r10c1ihef20waan7ut5nxdowl1mter2o2tbaocujhs-18x10.jpeg 18w, https:\/\/greenlab-biotechnology.com\/wp-content\/uploads\/2025\/04\/Frambuesa-Ruby-r10c1ihef20waan7ut5nxdowl1mter2o2tbaocujhs.jpeg 1920w\" sizes=\"(max-width: 800px) 100vw, 800px\" \/>\t\t\t\t\t\t\t\t<\/a>\n\t\t\t\t\t\t\t\t\t\t\t\t\t\t\t<\/div>\n\t\t\t\t<\/div>\n\t\t\t\t<div class=\"elementor-element elementor-element-59e958f elementor-align-justify elementor-widget elementor-widget-button\" data-id=\"59e958f\" data-element_type=\"widget\" data-widget_type=\"button.default\">\n\t\t\t\t<div class=\"elementor-widget-container\">\n\t\t\t\t\t\t\t\t\t<div class=\"elementor-button-wrapper\">\n\t\t\t\t\t<a class=\"elementor-button elementor-button-link elementor-size-sm\" href=\"https:\/\/greenlab-biotechnology.com\/es\/family\/raspberries\/\">\n\t\t\t\t\t\t<span class=\"elementor-button-content-wrapper\">\n\t\t\t\t\t\t<span class=\"elementor-button-icon\">\n\t\t\t\t<i aria-hidden=\"true\" class=\"lnr lnr-chevron-right\"><\/i>\t\t\t<\/span>\n\t\t\t\t\t\t\t\t\t<span class=\"elementor-button-text\">Lista<\/span>\n\t\t\t\t\t<\/span>\n\t\t\t\t\t<\/a>\n\t\t\t\t<\/div>\n\t\t\t\t\t\t\t\t<\/div>\n\t\t\t\t<\/div>\n\t\t\t\t<\/div>\n\t\t\t\t<\/div>\n\t\t<div class=\"elementor-element elementor-element-c205901 e-con-full e-flex e-con e-child\" data-id=\"c205901\" data-element_type=\"container\">\n\t\t<div class=\"elementor-element elementor-element-d131e93 e-con-full e-flex e-con e-child\" data-id=\"d131e93\" data-element_type=\"container\" data-aos=\"fade-up\" data-aos-delay=\"200\" data-aos-mirror=\"true\">\n\t\t\t\t<div class=\"elementor-element elementor-element-b76b1f4 elementor-widget elementor-widget-heading\" data-id=\"b76b1f4\" data-element_type=\"widget\" data-widget_type=\"heading.default\">\n\t\t\t\t<div class=\"elementor-widget-container\">\n\t\t\t\t\t<h4 class=\"elementor-heading-title elementor-size-default\"><a href=\"https:\/\/greenlab-biotechnology.com\/es\/family\/strawberries\/\">Fresas<\/a><\/h4>\t\t\t\t<\/div>\n\t\t\t\t<\/div>\n\t\t\t\t<div class=\"elementor-element elementor-element-a7fcc78 elementor-widget elementor-widget-image\" data-id=\"a7fcc78\" data-element_type=\"widget\" data-widget_type=\"image.default\">\n\t\t\t\t<div class=\"elementor-widget-container\">\n\t\t\t\t\t\t\t\t\t\t\t\t\t\t\t\t<a href=\"https:\/\/greenlab-biotechnology.com\/es\/family\/strawberries\/\">\n\t\t\t\t\t\t\t<img loading=\"lazy\" decoding=\"async\" width=\"1202\" height=\"676\" src=\"https:\/\/greenlab-biotechnology.com\/wp-content\/uploads\/2025\/01\/strawberrie.jpg\" class=\"attachment-full size-full wp-image-590\" alt=\"\" srcset=\"https:\/\/greenlab-biotechnology.com\/wp-content\/uploads\/2025\/01\/strawberrie.jpg 1202w, https:\/\/greenlab-biotechnology.com\/wp-content\/uploads\/2025\/01\/strawberrie-300x169.jpg 300w, https:\/\/greenlab-biotechnology.com\/wp-content\/uploads\/2025\/01\/strawberrie-1024x576.jpg 1024w, https:\/\/greenlab-biotechnology.com\/wp-content\/uploads\/2025\/01\/strawberrie-768x432.jpg 768w\" sizes=\"(max-width: 1202px) 100vw, 1202px\" \/>\t\t\t\t\t\t\t\t<\/a>\n\t\t\t\t\t\t\t\t\t\t\t\t\t\t\t<\/div>\n\t\t\t\t<\/div>\n\t\t\t\t<div class=\"elementor-element elementor-element-9f5bcf1 elementor-align-justify elementor-widget elementor-widget-button\" data-id=\"9f5bcf1\" data-element_type=\"widget\" data-widget_type=\"button.default\">\n\t\t\t\t<div class=\"elementor-widget-container\">\n\t\t\t\t\t\t\t\t\t<div class=\"elementor-button-wrapper\">\n\t\t\t\t\t<a class=\"elementor-button elementor-button-link elementor-size-sm\" href=\"https:\/\/greenlab-biotechnology.com\/es\/family\/strawberries\/\">\n\t\t\t\t\t\t<span class=\"elementor-button-content-wrapper\">\n\t\t\t\t\t\t<span class=\"elementor-button-icon\">\n\t\t\t\t<i aria-hidden=\"true\" class=\"lnr lnr-chevron-right\"><\/i>\t\t\t<\/span>\n\t\t\t\t\t\t\t\t\t<span class=\"elementor-button-text\">Lista<\/span>\n\t\t\t\t\t<\/span>\n\t\t\t\t\t<\/a>\n\t\t\t\t<\/div>\n\t\t\t\t\t\t\t\t<\/div>\n\t\t\t\t<\/div>\n\t\t\t\t<\/div>\n\t\t<div class=\"elementor-element elementor-element-67f1cd6 e-con-full e-flex e-con e-child\" data-id=\"67f1cd6\" data-element_type=\"container\">\n\t\t\t\t<\/div>\n\t\t<div class=\"elementor-element elementor-element-d2acf9d e-con-full e-flex e-con e-child\" data-id=\"d2acf9d\" data-element_type=\"container\">\n\t\t\t\t<\/div>\n\t\t\t\t<\/div>\n\t\t\t\t\t<\/div>\n\t\t\t\t<\/div>\n\t\t\t\t<\/div>","protected":false},"excerpt":{"rendered":"<p>Tambi\u00e9n ofrecemos una gama de peque\u00f1os frutos para mercados exigentes con alto valor a\u00f1adido. Estas plantas se seleccionan por su calidad, productividad y adaptabilidad a diversos climas. Lista de ar\u00e1ndanos Lista de moras Lista de frambuesas Lista de fresas<\/p>","protected":false},"author":2,"featured_media":0,"parent":0,"menu_order":0,"comment_status":"closed","ping_status":"closed","template":"","meta":{"footnotes":""},"class_list":["post-585","page","type-page","status-publish","hentry"],"_links":{"self":[{"href":"https:\/\/greenlab-biotechnology.com\/es\/wp-json\/wp\/v2\/pages\/585","targetHints":{"allow":["GET"]}}],"collection":[{"href":"https:\/\/greenlab-biotechnology.com\/es\/wp-json\/wp\/v2\/pages"}],"about":[{"href":"https:\/\/greenlab-biotechnology.com\/es\/wp-json\/wp\/v2\/types\/page"}],"author":[{"embeddable":true,"href":"https:\/\/greenlab-biotechnology.com\/es\/wp-json\/wp\/v2\/users\/2"}],"replies":[{"embeddable":true,"href":"https:\/\/greenlab-biotechnology.com\/es\/wp-json\/wp\/v2\/comments?post=585"}],"version-history":[{"count":10,"href":"https:\/\/greenlab-biotechnology.com\/es\/wp-json\/wp\/v2\/pages\/585\/revisions"}],"predecessor-version":[{"id":1150,"href":"https:\/\/greenlab-biotechnology.com\/es\/wp-json\/wp\/v2\/pages\/585\/revisions\/1150"}],"wp:attachment":[{"href":"https:\/\/greenlab-biotechnology.com\/es\/wp-json\/wp\/v2\/media?parent=585"}],"curies":[{"name":"wp","href":"https:\/\/api.w.org\/{rel}","templated":true}]}}