{"id":540,"date":"2025-01-30T02:20:35","date_gmt":"2025-01-30T07:20:35","guid":{"rendered":"https:\/\/greenlab.webconnecting.co\/?page_id=540"},"modified":"2025-04-09T16:08:10","modified_gmt":"2025-04-09T21:08:10","slug":"our-products","status":"publish","type":"page","link":"https:\/\/greenlab-biotechnology.com\/es\/our-products\/","title":{"rendered":"NUESTROS PRODUCTOS"},"content":{"rendered":"<div data-elementor-type=\"wp-page\" data-elementor-id=\"540\" class=\"elementor elementor-540\" data-elementor-post-type=\"page\">\n\t\t\t\t<div class=\"elementor-element elementor-element-62ab72d e-flex e-con-boxed e-con e-parent\" data-id=\"62ab72d\" data-element_type=\"container\" data-settings=\"{&quot;background_background&quot;:&quot;slideshow&quot;,&quot;shape_divider_bottom&quot;:&quot;waves&quot;,&quot;background_slideshow_gallery&quot;:[{&quot;id&quot;:515,&quot;url&quot;:&quot;https:\\\/\\\/greenlab-biotechnology.com\\\/wp-content\\\/uploads\\\/2025\\\/01\\\/Cocobolo-6-scaled.jpg&quot;},{&quot;id&quot;:490,&quot;url&quot;:&quot;https:\\\/\\\/greenlab-biotechnology.com\\\/wp-content\\\/uploads\\\/2025\\\/01\\\/Pineapple-1-scaled.jpg&quot;},{&quot;id&quot;:465,&quot;url&quot;:&quot;https:\\\/\\\/greenlab-biotechnology.com\\\/wp-content\\\/uploads\\\/2025\\\/01\\\/Zarzamora-scaled.jpg&quot;},{&quot;id&quot;:418,&quot;url&quot;:&quot;https:\\\/\\\/greenlab-biotechnology.com\\\/wp-content\\\/uploads\\\/2025\\\/01\\\/Paulownia-2-1-scaled.jpg&quot;},{&quot;id&quot;:542,&quot;url&quot;:&quot;https:\\\/\\\/greenlab-biotechnology.com\\\/wp-content\\\/uploads\\\/2025\\\/01\\\/Banana-scaled.jpg&quot;}],&quot;background_slideshow_ken_burns&quot;:&quot;yes&quot;,&quot;background_slideshow_loop&quot;:&quot;yes&quot;,&quot;background_slideshow_slide_duration&quot;:5000,&quot;background_slideshow_slide_transition&quot;:&quot;fade&quot;,&quot;background_slideshow_transition_duration&quot;:500,&quot;background_slideshow_ken_burns_zoom_direction&quot;:&quot;in&quot;}\">\n\t\t\t\t\t<div class=\"e-con-inner\">\n\t\t\t\t<div class=\"elementor-shape elementor-shape-bottom\" aria-hidden=\"true\" data-negative=\"false\">\n\t\t\t<svg xmlns=\"http:\/\/www.w3.org\/2000\/svg\" viewbox=\"0 0 1000 100\" preserveaspectratio=\"none\">\n\t<path class=\"elementor-shape-fill\" d=\"M421.9,6.5c22.6-2.5,51.5,0.4,75.5,5.3c23.6,4.9,70.9,23.5,100.5,35.7c75.8,32.2,133.7,44.5,192.6,49.7\tc23.6,2.1,48.7,3.5,103.4-2.5c54.7-6,106.2-25.6,106.2-25.6V0H0v30.3c0,0,72,32.6,158.4,30.5c39.2-0.7,92.8-6.7,134-22.4\tc21.2-8.1,52.2-18.2,79.7-24.2C399.3,7.9,411.6,7.5,421.9,6.5z\"\/>\n<\/svg>\t\t<\/div>\n\t\t\t\t\t<\/div>\n\t\t\t\t<\/div>\n\t\t<div class=\"elementor-element elementor-element-dd720e2 e-flex e-con-boxed e-con e-parent\" data-id=\"dd720e2\" data-element_type=\"container\">\n\t\t\t\t\t<div class=\"e-con-inner\">\n\t\t\t\t<div class=\"elementor-element elementor-element-9835e2e elementor-widget elementor-widget-heading\" data-id=\"9835e2e\" data-element_type=\"widget\" data-widget_type=\"heading.default\">\n\t\t\t\t<div class=\"elementor-widget-container\">\n\t\t\t\t\t<h1 class=\"elementor-heading-title elementor-size-default\">Descubra nuestras fichas t\u00e9cnicas de las distintas variedades<\/h1>\t\t\t\t<\/div>\n\t\t\t\t<\/div>\n\t\t<div class=\"elementor-element elementor-element-dcd42d3 e-con-full e-flex e-con e-child\" data-id=\"dcd42d3\" data-element_type=\"container\">\n\t\t<div class=\"elementor-element elementor-element-989086e e-con-full e-flex e-con e-child\" data-id=\"989086e\" data-element_type=\"container\" data-aos=\"fade-up\" data-aos-delay=\"200\" data-aos-mirror=\"true\">\n\t\t\t\t<div class=\"elementor-element elementor-element-6ede6fc elementor-widget elementor-widget-heading\" data-id=\"6ede6fc\" data-element_type=\"widget\" data-widget_type=\"heading.default\">\n\t\t\t\t<div class=\"elementor-widget-container\">\n\t\t\t\t\t<h3 class=\"elementor-heading-title elementor-size-default\">Plantas tropicales y ex\u00f3ticas\n<\/h3>\t\t\t\t<\/div>\n\t\t\t\t<\/div>\n\t\t\t\t<div class=\"elementor-element elementor-element-6562ca1 elementor-widget elementor-widget-image\" data-id=\"6562ca1\" data-element_type=\"widget\" data-widget_type=\"image.default\">\n\t\t\t\t<div class=\"elementor-widget-container\">\n\t\t\t\t\t\t\t\t\t\t\t\t\t\t\t\t<a href=\"https:\/\/greenlab-biotechnology.com\/es\/tropical-and-exotic-plants\/\">\n\t\t\t\t\t\t\t<img fetchpriority=\"high\" decoding=\"async\" width=\"1000\" height=\"1000\" src=\"https:\/\/greenlab-biotechnology.com\/wp-content\/uploads\/2025\/04\/1.png\" class=\"elementor-animation-shrink attachment-full size-full wp-image-1164\" alt=\"\" srcset=\"https:\/\/greenlab-biotechnology.com\/wp-content\/uploads\/2025\/04\/1.png 1000w, https:\/\/greenlab-biotechnology.com\/wp-content\/uploads\/2025\/04\/1-300x300.png 300w, https:\/\/greenlab-biotechnology.com\/wp-content\/uploads\/2025\/04\/1-150x150.png 150w, https:\/\/greenlab-biotechnology.com\/wp-content\/uploads\/2025\/04\/1-768x768.png 768w, https:\/\/greenlab-biotechnology.com\/wp-content\/uploads\/2025\/04\/1-12x12.png 12w\" sizes=\"(max-width: 1000px) 100vw, 1000px\" \/>\t\t\t\t\t\t\t\t<\/a>\n\t\t\t\t\t\t\t\t\t\t\t\t\t\t\t<\/div>\n\t\t\t\t<\/div>\n\t\t\t\t<div class=\"elementor-element elementor-element-b6dcdd8 elementor-align-center elementor-widget elementor-widget-button\" data-id=\"b6dcdd8\" data-element_type=\"widget\" data-widget_type=\"button.default\">\n\t\t\t\t<div class=\"elementor-widget-container\">\n\t\t\t\t\t\t\t\t\t<div class=\"elementor-button-wrapper\">\n\t\t\t\t\t<a class=\"elementor-button elementor-button-link elementor-size-sm\" href=\"https:\/\/greenlab-biotechnology.com\/es\/tropical-and-exotic-plants\/\">\n\t\t\t\t\t\t<span class=\"elementor-button-content-wrapper\">\n\t\t\t\t\t\t<span class=\"elementor-button-icon\">\n\t\t\t\t<i aria-hidden=\"true\" class=\"lni lni-chevron-right\"><\/i>\t\t\t<\/span>\n\t\t\t\t\t\t\t\t\t<span class=\"elementor-button-text\">Nuestra selecci\u00f3n<\/span>\n\t\t\t\t\t<\/span>\n\t\t\t\t\t<\/a>\n\t\t\t\t<\/div>\n\t\t\t\t\t\t\t\t<\/div>\n\t\t\t\t<\/div>\n\t\t\t\t<\/div>\n\t\t<div class=\"elementor-element elementor-element-4413103 e-con-full e-flex e-con e-child\" data-id=\"4413103\" data-element_type=\"container\">\n\t\t\t\t<\/div>\n\t\t<div class=\"elementor-element elementor-element-6dd2942 e-con-full e-flex e-con e-child\" data-id=\"6dd2942\" data-element_type=\"container\" data-aos=\"fade-up\" data-aos-delay=\"200\" data-aos-mirror=\"true\">\n\t\t\t\t<div class=\"elementor-element elementor-element-a143ee7 elementor-widget elementor-widget-heading\" data-id=\"a143ee7\" data-element_type=\"widget\" data-widget_type=\"heading.default\">\n\t\t\t\t<div class=\"elementor-widget-container\">\n\t\t\t\t\t<h3 class=\"elementor-heading-title elementor-size-default\">Frutos rojos<\/h3>\t\t\t\t<\/div>\n\t\t\t\t<\/div>\n\t\t\t\t<div class=\"elementor-element elementor-element-b1b184f elementor-widget elementor-widget-image\" data-id=\"b1b184f\" data-element_type=\"widget\" data-widget_type=\"image.default\">\n\t\t\t\t<div class=\"elementor-widget-container\">\n\t\t\t\t\t\t\t\t\t\t\t\t\t\t\t\t<a href=\"https:\/\/greenlab-biotechnology.com\/es\/berries\/\">\n\t\t\t\t\t\t\t<img decoding=\"async\" width=\"1000\" height=\"1000\" src=\"https:\/\/greenlab-biotechnology.com\/wp-content\/uploads\/2025\/04\/2.png\" class=\"elementor-animation-shrink attachment-full size-full wp-image-1165\" alt=\"\" srcset=\"https:\/\/greenlab-biotechnology.com\/wp-content\/uploads\/2025\/04\/2.png 1000w, https:\/\/greenlab-biotechnology.com\/wp-content\/uploads\/2025\/04\/2-300x300.png 300w, https:\/\/greenlab-biotechnology.com\/wp-content\/uploads\/2025\/04\/2-150x150.png 150w, https:\/\/greenlab-biotechnology.com\/wp-content\/uploads\/2025\/04\/2-768x768.png 768w, https:\/\/greenlab-biotechnology.com\/wp-content\/uploads\/2025\/04\/2-12x12.png 12w\" sizes=\"(max-width: 1000px) 100vw, 1000px\" \/>\t\t\t\t\t\t\t\t<\/a>\n\t\t\t\t\t\t\t\t\t\t\t\t\t\t\t<\/div>\n\t\t\t\t<\/div>\n\t\t\t\t<div class=\"elementor-element elementor-element-469e90a elementor-align-center elementor-widget elementor-widget-button\" data-id=\"469e90a\" data-element_type=\"widget\" data-widget_type=\"button.default\">\n\t\t\t\t<div class=\"elementor-widget-container\">\n\t\t\t\t\t\t\t\t\t<div class=\"elementor-button-wrapper\">\n\t\t\t\t\t<a class=\"elementor-button elementor-button-link elementor-size-sm\" href=\"https:\/\/greenlab-biotechnology.com\/es\/berries\/\">\n\t\t\t\t\t\t<span class=\"elementor-button-content-wrapper\">\n\t\t\t\t\t\t<span class=\"elementor-button-icon\">\n\t\t\t\t<i aria-hidden=\"true\" class=\"lni lni-chevron-right\"><\/i>\t\t\t<\/span>\n\t\t\t\t\t\t\t\t\t<span class=\"elementor-button-text\">Nuestra selecci\u00f3n<\/span>\n\t\t\t\t\t<\/span>\n\t\t\t\t\t<\/a>\n\t\t\t\t<\/div>\n\t\t\t\t\t\t\t\t<\/div>\n\t\t\t\t<\/div>\n\t\t\t\t<\/div>\n\t\t<div class=\"elementor-element elementor-element-97c2572 e-con-full e-flex e-con e-child\" data-id=\"97c2572\" data-element_type=\"container\">\n\t\t\t\t<\/div>\n\t\t<div class=\"elementor-element elementor-element-6a5b06e e-con-full e-flex e-con e-child\" data-id=\"6a5b06e\" data-element_type=\"container\" data-aos=\"fade-up\" data-aos-delay=\"200\" data-aos-mirror=\"true\">\n\t\t\t\t<div class=\"elementor-element elementor-element-cb1dd26 elementor-widget elementor-widget-heading\" data-id=\"cb1dd26\" data-element_type=\"widget\" data-widget_type=\"heading.default\">\n\t\t\t\t<div class=\"elementor-widget-container\">\n\t\t\t\t\t<h3 class=\"elementor-heading-title elementor-size-default\">Caf\u00e9<\/h3>\t\t\t\t<\/div>\n\t\t\t\t<\/div>\n\t\t\t\t<div class=\"elementor-element elementor-element-ed57aa9 elementor-widget elementor-widget-image\" data-id=\"ed57aa9\" data-element_type=\"widget\" data-widget_type=\"image.default\">\n\t\t\t\t<div class=\"elementor-widget-container\">\n\t\t\t\t\t\t\t\t\t\t\t\t\t\t\t\t<a href=\"https:\/\/greenlab-biotechnology.com\/es\/coffee\/\">\n\t\t\t\t\t\t\t<img decoding=\"async\" width=\"1000\" height=\"1000\" src=\"https:\/\/greenlab-biotechnology.com\/wp-content\/uploads\/2025\/04\/3.png\" class=\"elementor-animation-shrink attachment-full size-full wp-image-1166\" alt=\"\" srcset=\"https:\/\/greenlab-biotechnology.com\/wp-content\/uploads\/2025\/04\/3.png 1000w, https:\/\/greenlab-biotechnology.com\/wp-content\/uploads\/2025\/04\/3-300x300.png 300w, https:\/\/greenlab-biotechnology.com\/wp-content\/uploads\/2025\/04\/3-150x150.png 150w, https:\/\/greenlab-biotechnology.com\/wp-content\/uploads\/2025\/04\/3-768x768.png 768w, https:\/\/greenlab-biotechnology.com\/wp-content\/uploads\/2025\/04\/3-12x12.png 12w\" sizes=\"(max-width: 1000px) 100vw, 1000px\" \/>\t\t\t\t\t\t\t\t<\/a>\n\t\t\t\t\t\t\t\t\t\t\t\t\t\t\t<\/div>\n\t\t\t\t<\/div>\n\t\t\t\t<div class=\"elementor-element elementor-element-c8faf3d elementor-align-center elementor-widget elementor-widget-button\" data-id=\"c8faf3d\" data-element_type=\"widget\" data-widget_type=\"button.default\">\n\t\t\t\t<div class=\"elementor-widget-container\">\n\t\t\t\t\t\t\t\t\t<div class=\"elementor-button-wrapper\">\n\t\t\t\t\t<a class=\"elementor-button elementor-button-link elementor-size-sm\" href=\"https:\/\/greenlab-biotechnology.com\/es\/coffee\/\">\n\t\t\t\t\t\t<span class=\"elementor-button-content-wrapper\">\n\t\t\t\t\t\t<span class=\"elementor-button-icon\">\n\t\t\t\t<i aria-hidden=\"true\" class=\"lni lni-chevron-right\"><\/i>\t\t\t<\/span>\n\t\t\t\t\t\t\t\t\t<span class=\"elementor-button-text\">Nuestra selecci\u00f3n<\/span>\n\t\t\t\t\t<\/span>\n\t\t\t\t\t<\/a>\n\t\t\t\t<\/div>\n\t\t\t\t\t\t\t\t<\/div>\n\t\t\t\t<\/div>\n\t\t\t\t<\/div>\n\t\t\t\t<\/div>\n\t\t<div class=\"elementor-element elementor-element-7f5f70f e-con-full e-flex e-con e-child\" data-id=\"7f5f70f\" data-element_type=\"container\">\n\t\t<div class=\"elementor-element elementor-element-2ade21d e-con-full e-flex e-con e-child\" data-id=\"2ade21d\" data-element_type=\"container\" data-aos=\"fade-up\" data-aos-delay=\"200\" data-aos-mirror=\"true\">\n\t\t\t\t<div class=\"elementor-element elementor-element-e5fc9d6 elementor-widget elementor-widget-heading\" data-id=\"e5fc9d6\" data-element_type=\"widget\" data-widget_type=\"heading.default\">\n\t\t\t\t<div class=\"elementor-widget-container\">\n\t\t\t\t\t<h3 class=\"elementor-heading-title elementor-size-default\">Otras plantas agr\u00edcolas\n<\/h3>\t\t\t\t<\/div>\n\t\t\t\t<\/div>\n\t\t\t\t<div class=\"elementor-element elementor-element-7129217 elementor-widget elementor-widget-image\" data-id=\"7129217\" data-element_type=\"widget\" data-widget_type=\"image.default\">\n\t\t\t\t<div class=\"elementor-widget-container\">\n\t\t\t\t\t\t\t\t\t\t\t\t\t\t\t\t<a href=\"https:\/\/greenlab-biotechnology.com\/es\/other-agricultural-plants\/\">\n\t\t\t\t\t\t\t<img loading=\"lazy\" decoding=\"async\" width=\"1000\" height=\"1000\" src=\"https:\/\/greenlab-biotechnology.com\/wp-content\/uploads\/2025\/04\/4.png\" class=\"elementor-animation-shrink attachment-full size-full wp-image-1167\" alt=\"\" srcset=\"https:\/\/greenlab-biotechnology.com\/wp-content\/uploads\/2025\/04\/4.png 1000w, https:\/\/greenlab-biotechnology.com\/wp-content\/uploads\/2025\/04\/4-300x300.png 300w, https:\/\/greenlab-biotechnology.com\/wp-content\/uploads\/2025\/04\/4-150x150.png 150w, https:\/\/greenlab-biotechnology.com\/wp-content\/uploads\/2025\/04\/4-768x768.png 768w, https:\/\/greenlab-biotechnology.com\/wp-content\/uploads\/2025\/04\/4-12x12.png 12w\" sizes=\"(max-width: 1000px) 100vw, 1000px\" \/>\t\t\t\t\t\t\t\t<\/a>\n\t\t\t\t\t\t\t\t\t\t\t\t\t\t\t<\/div>\n\t\t\t\t<\/div>\n\t\t\t\t<div class=\"elementor-element elementor-element-8a46143 elementor-align-center elementor-widget elementor-widget-button\" data-id=\"8a46143\" data-element_type=\"widget\" data-widget_type=\"button.default\">\n\t\t\t\t<div class=\"elementor-widget-container\">\n\t\t\t\t\t\t\t\t\t<div class=\"elementor-button-wrapper\">\n\t\t\t\t\t<a class=\"elementor-button elementor-button-link elementor-size-sm\" href=\"https:\/\/greenlab-biotechnology.com\/es\/other-agricultural-plants\/\" target=\"_blank\">\n\t\t\t\t\t\t<span class=\"elementor-button-content-wrapper\">\n\t\t\t\t\t\t<span class=\"elementor-button-icon\">\n\t\t\t\t<i aria-hidden=\"true\" class=\"lni lni-chevron-right\"><\/i>\t\t\t<\/span>\n\t\t\t\t\t\t\t\t\t<span class=\"elementor-button-text\">Nuestra selecci\u00f3n<\/span>\n\t\t\t\t\t<\/span>\n\t\t\t\t\t<\/a>\n\t\t\t\t<\/div>\n\t\t\t\t\t\t\t\t<\/div>\n\t\t\t\t<\/div>\n\t\t\t\t<\/div>\n\t\t<div class=\"elementor-element elementor-element-4844276 e-con-full e-flex e-con e-child\" data-id=\"4844276\" data-element_type=\"container\" data-aos=\"fade-up\" data-aos-delay=\"200\" data-aos-mirror=\"true\">\n\t\t\t\t<div class=\"elementor-element elementor-element-6bf1895 elementor-widget elementor-widget-heading\" data-id=\"6bf1895\" data-element_type=\"widget\" data-widget_type=\"heading.default\">\n\t\t\t\t<div class=\"elementor-widget-container\">\n\t\t\t\t\t<h3 class=\"elementor-heading-title elementor-size-default\">\u00c1rboles madereros y forestales<\/h3>\t\t\t\t<\/div>\n\t\t\t\t<\/div>\n\t\t\t\t<div class=\"elementor-element elementor-element-aae2471 elementor-widget elementor-widget-image\" data-id=\"aae2471\" data-element_type=\"widget\" data-widget_type=\"image.default\">\n\t\t\t\t<div class=\"elementor-widget-container\">\n\t\t\t\t\t\t\t\t\t\t\t\t\t\t\t\t<a href=\"https:\/\/greenlab-biotechnology.com\/es\/family\/timber-and-forestry-trees\/\">\n\t\t\t\t\t\t\t<img loading=\"lazy\" decoding=\"async\" width=\"1000\" height=\"1000\" src=\"https:\/\/greenlab-biotechnology.com\/wp-content\/uploads\/2025\/04\/5.png\" class=\"elementor-animation-shrink attachment-full size-full wp-image-1168\" alt=\"\" srcset=\"https:\/\/greenlab-biotechnology.com\/wp-content\/uploads\/2025\/04\/5.png 1000w, https:\/\/greenlab-biotechnology.com\/wp-content\/uploads\/2025\/04\/5-300x300.png 300w, https:\/\/greenlab-biotechnology.com\/wp-content\/uploads\/2025\/04\/5-150x150.png 150w, https:\/\/greenlab-biotechnology.com\/wp-content\/uploads\/2025\/04\/5-768x768.png 768w, https:\/\/greenlab-biotechnology.com\/wp-content\/uploads\/2025\/04\/5-12x12.png 12w\" sizes=\"(max-width: 1000px) 100vw, 1000px\" \/>\t\t\t\t\t\t\t\t<\/a>\n\t\t\t\t\t\t\t\t\t\t\t\t\t\t\t<\/div>\n\t\t\t\t<\/div>\n\t\t\t\t<div class=\"elementor-element elementor-element-7b97bd7 elementor-align-center elementor-widget elementor-widget-button\" data-id=\"7b97bd7\" data-element_type=\"widget\" data-widget_type=\"button.default\">\n\t\t\t\t<div class=\"elementor-widget-container\">\n\t\t\t\t\t\t\t\t\t<div class=\"elementor-button-wrapper\">\n\t\t\t\t\t<a class=\"elementor-button elementor-button-link elementor-size-sm\" href=\"https:\/\/greenlab-biotechnology.com\/es\/family\/timber-and-forestry-trees\/\">\n\t\t\t\t\t\t<span class=\"elementor-button-content-wrapper\">\n\t\t\t\t\t\t<span class=\"elementor-button-icon\">\n\t\t\t\t<i aria-hidden=\"true\" class=\"lni lni-chevron-right\"><\/i>\t\t\t<\/span>\n\t\t\t\t\t\t\t\t\t<span class=\"elementor-button-text\">Nuestra selecci\u00f3n<\/span>\n\t\t\t\t\t<\/span>\n\t\t\t\t\t<\/a>\n\t\t\t\t<\/div>\n\t\t\t\t\t\t\t\t<\/div>\n\t\t\t\t<\/div>\n\t\t\t\t<\/div>\n\t\t<div class=\"elementor-element elementor-element-ae82fef e-con-full e-flex e-con e-child\" data-id=\"ae82fef\" data-element_type=\"container\" data-aos=\"fade-up\" data-aos-delay=\"200\" data-aos-mirror=\"true\">\n\t\t\t\t<div class=\"elementor-element elementor-element-00fd03a elementor-widget elementor-widget-heading\" data-id=\"00fd03a\" data-element_type=\"widget\" data-widget_type=\"heading.default\">\n\t\t\t\t<div class=\"elementor-widget-container\">\n\t\t\t\t\t<h3 class=\"elementor-heading-title elementor-size-default\">Plantas ornamentales\n<\/h3>\t\t\t\t<\/div>\n\t\t\t\t<\/div>\n\t\t\t\t<div class=\"elementor-element elementor-element-8584565 elementor-widget elementor-widget-image\" data-id=\"8584565\" data-element_type=\"widget\" data-widget_type=\"image.default\">\n\t\t\t\t<div class=\"elementor-widget-container\">\n\t\t\t\t\t\t\t\t\t\t\t\t\t\t\t\t<a href=\"https:\/\/greenlab-biotechnology.com\/es\/ornamental-plants\/\">\n\t\t\t\t\t\t\t<img loading=\"lazy\" decoding=\"async\" width=\"1000\" height=\"1000\" src=\"https:\/\/greenlab-biotechnology.com\/wp-content\/uploads\/2025\/04\/6.png\" class=\"elementor-animation-shrink attachment-full size-full wp-image-1169\" alt=\"\" srcset=\"https:\/\/greenlab-biotechnology.com\/wp-content\/uploads\/2025\/04\/6.png 1000w, https:\/\/greenlab-biotechnology.com\/wp-content\/uploads\/2025\/04\/6-300x300.png 300w, https:\/\/greenlab-biotechnology.com\/wp-content\/uploads\/2025\/04\/6-150x150.png 150w, https:\/\/greenlab-biotechnology.com\/wp-content\/uploads\/2025\/04\/6-768x768.png 768w, https:\/\/greenlab-biotechnology.com\/wp-content\/uploads\/2025\/04\/6-12x12.png 12w\" sizes=\"(max-width: 1000px) 100vw, 1000px\" \/>\t\t\t\t\t\t\t\t<\/a>\n\t\t\t\t\t\t\t\t\t\t\t\t\t\t\t<\/div>\n\t\t\t\t<\/div>\n\t\t\t\t<div class=\"elementor-element elementor-element-3751136 elementor-align-center elementor-widget elementor-widget-button\" data-id=\"3751136\" data-element_type=\"widget\" data-widget_type=\"button.default\">\n\t\t\t\t<div class=\"elementor-widget-container\">\n\t\t\t\t\t\t\t\t\t<div class=\"elementor-button-wrapper\">\n\t\t\t\t\t<a class=\"elementor-button elementor-button-link elementor-size-sm\" href=\"https:\/\/greenlab-biotechnology.com\/es\/ornamental-plants\/\">\n\t\t\t\t\t\t<span class=\"elementor-button-content-wrapper\">\n\t\t\t\t\t\t<span class=\"elementor-button-icon\">\n\t\t\t\t<i aria-hidden=\"true\" class=\"lni lni-chevron-right\"><\/i>\t\t\t<\/span>\n\t\t\t\t\t\t\t\t\t<span class=\"elementor-button-text\">Nuestra selecci\u00f3n<\/span>\n\t\t\t\t\t<\/span>\n\t\t\t\t\t<\/a>\n\t\t\t\t<\/div>\n\t\t\t\t\t\t\t\t<\/div>\n\t\t\t\t<\/div>\n\t\t\t\t<\/div>\n\t\t<div class=\"elementor-element elementor-element-0a6cead e-con-full e-flex e-con e-child\" data-id=\"0a6cead\" data-element_type=\"container\" data-aos=\"fade-up\" data-aos-delay=\"200\" data-aos-mirror=\"true\">\n\t\t\t\t<div class=\"elementor-element elementor-element-7800256 elementor-widget elementor-widget-heading\" data-id=\"7800256\" data-element_type=\"widget\" data-widget_type=\"heading.default\">\n\t\t\t\t<div class=\"elementor-widget-container\">\n\t\t\t\t\t<h3 class=\"elementor-heading-title elementor-size-default\">Cultivos de gen\u00e9tica \u00fanica<\/h3>\t\t\t\t<\/div>\n\t\t\t\t<\/div>\n\t\t\t\t<div class=\"elementor-element elementor-element-55c5ca4 elementor-widget elementor-widget-image\" data-id=\"55c5ca4\" data-element_type=\"widget\" data-widget_type=\"image.default\">\n\t\t\t\t<div class=\"elementor-widget-container\">\n\t\t\t\t\t\t\t\t\t\t\t\t\t\t\t\t<a href=\"https:\/\/greenlab-biotechnology.com\/es\/unique-genetics-crops\/\">\n\t\t\t\t\t\t\t<img loading=\"lazy\" decoding=\"async\" width=\"1000\" height=\"1000\" src=\"https:\/\/greenlab-biotechnology.com\/wp-content\/uploads\/2025\/04\/7.png\" class=\"elementor-animation-shrink attachment-full size-full wp-image-1170\" alt=\"\" srcset=\"https:\/\/greenlab-biotechnology.com\/wp-content\/uploads\/2025\/04\/7.png 1000w, https:\/\/greenlab-biotechnology.com\/wp-content\/uploads\/2025\/04\/7-300x300.png 300w, https:\/\/greenlab-biotechnology.com\/wp-content\/uploads\/2025\/04\/7-150x150.png 150w, https:\/\/greenlab-biotechnology.com\/wp-content\/uploads\/2025\/04\/7-768x768.png 768w, https:\/\/greenlab-biotechnology.com\/wp-content\/uploads\/2025\/04\/7-12x12.png 12w\" sizes=\"(max-width: 1000px) 100vw, 1000px\" \/>\t\t\t\t\t\t\t\t<\/a>\n\t\t\t\t\t\t\t\t\t\t\t\t\t\t\t<\/div>\n\t\t\t\t<\/div>\n\t\t\t\t<div class=\"elementor-element elementor-element-5dd0eee elementor-align-center elementor-widget elementor-widget-button\" data-id=\"5dd0eee\" data-element_type=\"widget\" data-widget_type=\"button.default\">\n\t\t\t\t<div class=\"elementor-widget-container\">\n\t\t\t\t\t\t\t\t\t<div class=\"elementor-button-wrapper\">\n\t\t\t\t\t<a class=\"elementor-button elementor-button-link elementor-size-sm\" href=\"https:\/\/greenlab-biotechnology.com\/es\/unique-genetics-crops\/\">\n\t\t\t\t\t\t<span class=\"elementor-button-content-wrapper\">\n\t\t\t\t\t\t<span class=\"elementor-button-icon\">\n\t\t\t\t<i aria-hidden=\"true\" class=\"lni lni-chevron-right\"><\/i>\t\t\t<\/span>\n\t\t\t\t\t\t\t\t\t<span class=\"elementor-button-text\">Nuestra selecci\u00f3n<\/span>\n\t\t\t\t\t<\/span>\n\t\t\t\t\t<\/a>\n\t\t\t\t<\/div>\n\t\t\t\t\t\t\t\t<\/div>\n\t\t\t\t<\/div>\n\t\t\t\t<\/div>\n\t\t\t\t<\/div>\n\t\t\t\t\t<\/div>\n\t\t\t\t<\/div>\n\t\t\t\t<\/div>","protected":false},"excerpt":{"rendered":"<p>Descubra nuestras fichas t\u00e9cnicas de variedades: Plantas tropicales y ex\u00f3ticas Nuestra Selecci\u00f3n Bayas Nuestra Selecci\u00f3n Caf\u00e9 Nuestra Selecci\u00f3n Otras plantas agr\u00edcolas Nuestra Selecci\u00f3n \u00c1rboles maderables y forestales Nuestra Selecci\u00f3n Plantas ornamentales Nuestra Selecci\u00f3n Gen\u00e9tica \u00fanica Cultivos Nuestra Selecci\u00f3n<\/p>","protected":false},"author":2,"featured_media":0,"parent":0,"menu_order":0,"comment_status":"closed","ping_status":"closed","template":"","meta":{"footnotes":""},"class_list":["post-540","page","type-page","status-publish","hentry"],"_links":{"self":[{"href":"https:\/\/greenlab-biotechnology.com\/es\/wp-json\/wp\/v2\/pages\/540","targetHints":{"allow":["GET"]}}],"collection":[{"href":"https:\/\/greenlab-biotechnology.com\/es\/wp-json\/wp\/v2\/pages"}],"about":[{"href":"https:\/\/greenlab-biotechnology.com\/es\/wp-json\/wp\/v2\/types\/page"}],"author":[{"embeddable":true,"href":"https:\/\/greenlab-biotechnology.com\/es\/wp-json\/wp\/v2\/users\/2"}],"replies":[{"embeddable":true,"href":"https:\/\/greenlab-biotechnology.com\/es\/wp-json\/wp\/v2\/comments?post=540"}],"version-history":[{"count":52,"href":"https:\/\/greenlab-biotechnology.com\/es\/wp-json\/wp\/v2\/pages\/540\/revisions"}],"predecessor-version":[{"id":1180,"href":"https:\/\/greenlab-biotechnology.com\/es\/wp-json\/wp\/v2\/pages\/540\/revisions\/1180"}],"wp:attachment":[{"href":"https:\/\/greenlab-biotechnology.com\/es\/wp-json\/wp\/v2\/media?parent=540"}],"curies":[{"name":"wp","href":"https:\/\/api.w.org\/{rel}","templated":true}]}}